{"id":4562,"date":"2022-08-12T01:38:48","date_gmt":"2022-08-12T05:38:48","guid":{"rendered":"https:\/\/wampole.webloft.dev\/produit\/vitamin-c-orange-120-tablets\/"},"modified":"2026-02-09T09:49:35","modified_gmt":"2026-02-09T14:49:35","slug":"vitamine-c-comprimes-croquables-orange","status":"publish","type":"product","link":"https:\/\/wampole.wp.vortexdev.com\/fr\/produit\/vitamine-c-comprimes-croquables-orange\/","title":{"rendered":"EN SOLDE &#8211; VITAMINE C 500MG CROQUABLES ORANGE"},"content":{"rendered":"<ul>\n<li>Saveur naturelle d\u2019orange<\/li>\n<li>500 mg de vitamine C par comprim\u00e9<\/li>\n<li>Croquable<\/li>\n<li>Bon go\u00fbt<\/li>\n<li>Offert dans un format de 120 ou 180 comprim\u00e9s<\/li>\n<\/ul>\n","protected":false},"excerpt":{"rendered":"<p>Saveur naturelle d\u2019orange 500 mg de vitamine C par comprim\u00e9 Croquable Bon go\u00fbt Offert dans un format de 120 ou 180 comprim\u00e9s<\/p>\n","protected":false},"featured_media":5103,"comment_status":"closed","ping_status":"closed","template":"","meta":{"_acf_changed":false},"product_brand":[],"product_cat":[206,205,198,241,223,203,224],"product_tag":[227,229,230,231],"class_list":{"0":"post-4562","1":"product","2":"type-product","3":"status-publish","4":"has-post-thumbnail","6":"product_cat-emballage-eco","7":"product_cat-bouteilles-100-recyclees","8":"product_cat-immunite","9":"product_cat-antioxydant","10":"product_cat-vitamine-c","11":"product_cat-vitamines-et-mineraux","12":"product_cat-vitamine-c-vitamines-mineraux","13":"product_tag-croquable","14":"product_tag-immunite","15":"product_tag-support-immune-function-fr","16":"product_tag-vitamins-and-minerals-fr","17":"wl_wc_brands-wampole","18":"wl_wc_benefits-support-de-la-fonction-immunitaire","19":"wl_wc_formats-comprimes-2","20":"wl_wc_formats-croquable","21":"wl_wc_dnc-eco-fr","22":"wl_wc_dnc-immunity-fr","23":"wl_wc_dnc-vitamins-minerals-fr","25":"first","26":"instock","27":"sale","28":"taxable","29":"shipping-taxable","30":"purchasable","31":"product-type-variable"},"acf":[],"yoast_head":"<!-- This site is optimized with the Yoast SEO plugin v26.8 - https:\/\/yoast.com\/product\/yoast-seo-wordpress\/ -->\n<title>EN SOLDE - VITAMINE C 500MG CROQUABLES ORANGE - Wampole<\/title>\n<meta name=\"robots\" content=\"index, follow, max-snippet:-1, max-image-preview:large, max-video-preview:-1\" \/>\n<link rel=\"canonical\" href=\"https:\/\/wampole.wp.vortexdev.com\/fr\/produit\/vitamine-c-comprimes-croquables-orange\/\" \/>\n<meta property=\"og:locale\" content=\"fr_FR\" \/>\n<meta property=\"og:type\" content=\"article\" \/>\n<meta property=\"og:title\" content=\"EN SOLDE - VITAMINE C 500MG CROQUABLES ORANGE - Wampole\" \/>\n<meta property=\"og:description\" content=\"Saveur naturelle d\u2019orange 500 mg de vitamine C par comprim\u00e9 Croquable Bon go\u00fbt Offert dans un format de 120 ou 180 comprim\u00e9s\" \/>\n<meta property=\"og:url\" content=\"https:\/\/wampole.wp.vortexdev.com\/fr\/produit\/vitamine-c-comprimes-croquables-orange\/\" \/>\n<meta property=\"og:site_name\" content=\"Wampole\" \/>\n<meta property=\"article:publisher\" content=\"https:\/\/www.facebook.com\/WampoleInc\/\" \/>\n<meta property=\"article:modified_time\" content=\"2026-02-09T14:49:35+00:00\" \/>\n<meta property=\"og:image\" content=\"https:\/\/wampole.wp.vortexdev.com\/wp-content\/uploads\/2022\/08\/WAMPOLE_VitamineC_500Mg_Croquable_120_FR.png\" \/>\n\t<meta property=\"og:image:width\" content=\"1500\" \/>\n\t<meta property=\"og:image:height\" content=\"1500\" \/>\n\t<meta property=\"og:image:type\" content=\"image\/png\" \/>\n<meta name=\"twitter:card\" content=\"summary_large_image\" \/>\n<meta name=\"twitter:label1\" content=\"Dur\u00e9e de lecture estim\u00e9e\" \/>\n\t<meta name=\"twitter:data1\" content=\"1 minute\" \/>\n<script type=\"application\/ld+json\" class=\"yoast-schema-graph\">{\"@context\":\"https:\/\/schema.org\",\"@graph\":[{\"@type\":\"WebPage\",\"@id\":\"https:\/\/wampole.wp.vortexdev.com\/fr\/produit\/vitamine-c-comprimes-croquables-orange\/\",\"url\":\"https:\/\/wampole.wp.vortexdev.com\/fr\/produit\/vitamine-c-comprimes-croquables-orange\/\",\"name\":\"EN SOLDE - VITAMINE C 500MG CROQUABLES ORANGE - Wampole\",\"isPartOf\":{\"@id\":\"https:\/\/wampole.wp.vortexdev.com\/#website\"},\"primaryImageOfPage\":{\"@id\":\"https:\/\/wampole.wp.vortexdev.com\/fr\/produit\/vitamine-c-comprimes-croquables-orange\/#primaryimage\"},\"image\":{\"@id\":\"https:\/\/wampole.wp.vortexdev.com\/fr\/produit\/vitamine-c-comprimes-croquables-orange\/#primaryimage\"},\"thumbnailUrl\":\"https:\/\/wampole.wp.vortexdev.com\/wp-content\/uploads\/2022\/08\/WAMPOLE_VitamineC_500Mg_Croquable_120_FR.png\",\"datePublished\":\"2022-08-12T05:38:48+00:00\",\"dateModified\":\"2026-02-09T14:49:35+00:00\",\"breadcrumb\":{\"@id\":\"https:\/\/wampole.wp.vortexdev.com\/fr\/produit\/vitamine-c-comprimes-croquables-orange\/#breadcrumb\"},\"inLanguage\":\"fr-FR\",\"potentialAction\":[{\"@type\":\"ReadAction\",\"target\":[\"https:\/\/wampole.wp.vortexdev.com\/fr\/produit\/vitamine-c-comprimes-croquables-orange\/\"]}]},{\"@type\":\"ImageObject\",\"inLanguage\":\"fr-FR\",\"@id\":\"https:\/\/wampole.wp.vortexdev.com\/fr\/produit\/vitamine-c-comprimes-croquables-orange\/#primaryimage\",\"url\":\"https:\/\/wampole.wp.vortexdev.com\/wp-content\/uploads\/2022\/08\/WAMPOLE_VitamineC_500Mg_Croquable_120_FR.png\",\"contentUrl\":\"https:\/\/wampole.wp.vortexdev.com\/wp-content\/uploads\/2022\/08\/WAMPOLE_VitamineC_500Mg_Croquable_120_FR.png\",\"width\":1500,\"height\":1500},{\"@type\":\"BreadcrumbList\",\"@id\":\"https:\/\/wampole.wp.vortexdev.com\/fr\/produit\/vitamine-c-comprimes-croquables-orange\/#breadcrumb\",\"itemListElement\":[{\"@type\":\"ListItem\",\"position\":1,\"name\":\"Accueil\",\"item\":\"https:\/\/wampole.wp.vortexdev.com\/fr\/\"},{\"@type\":\"ListItem\",\"position\":2,\"name\":\"Boutique (not used)\",\"item\":\"https:\/\/wampole.wp.vortexdev.com\/fr\/boutique\/\"},{\"@type\":\"ListItem\",\"position\":3,\"name\":\"EN SOLDE &#8211; VITAMINE C 500MG CROQUABLES ORANGE\"}]},{\"@type\":\"WebSite\",\"@id\":\"https:\/\/wampole.wp.vortexdev.com\/#website\",\"url\":\"https:\/\/wampole.wp.vortexdev.com\/\",\"name\":\"Wampole\",\"description\":\"\",\"publisher\":{\"@id\":\"https:\/\/wampole.wp.vortexdev.com\/#organization\"},\"potentialAction\":[{\"@type\":\"SearchAction\",\"target\":{\"@type\":\"EntryPoint\",\"urlTemplate\":\"https:\/\/wampole.wp.vortexdev.com\/?s={search_term_string}\"},\"query-input\":{\"@type\":\"PropertyValueSpecification\",\"valueRequired\":true,\"valueName\":\"search_term_string\"}}],\"inLanguage\":\"fr-FR\"},{\"@type\":\"Organization\",\"@id\":\"https:\/\/wampole.wp.vortexdev.com\/#organization\",\"name\":\"Wampole\",\"url\":\"https:\/\/wampole.wp.vortexdev.com\/\",\"logo\":{\"@type\":\"ImageObject\",\"inLanguage\":\"fr-FR\",\"@id\":\"https:\/\/wampole.wp.vortexdev.com\/#\/schema\/logo\/image\/\",\"url\":\"https:\/\/wampole.wp.vortexdev.com\/wp-content\/uploads\/2022\/03\/WAMPOLE_Logo-EN.png\",\"contentUrl\":\"https:\/\/wampole.wp.vortexdev.com\/wp-content\/uploads\/2022\/03\/WAMPOLE_Logo-EN.png\",\"width\":3300,\"height\":1053,\"caption\":\"Wampole\"},\"image\":{\"@id\":\"https:\/\/wampole.wp.vortexdev.com\/#\/schema\/logo\/image\/\"},\"sameAs\":[\"https:\/\/www.facebook.com\/WampoleInc\/\",\"https:\/\/www.youtube.com\/channel\/UCpQexQ_7lSnd4-BERfis2pQ\"]}]}<\/script>\n<!-- \/ Yoast SEO plugin. -->","yoast_head_json":{"title":"EN SOLDE - VITAMINE C 500MG CROQUABLES ORANGE - Wampole","robots":{"index":"index","follow":"follow","max-snippet":"max-snippet:-1","max-image-preview":"max-image-preview:large","max-video-preview":"max-video-preview:-1"},"canonical":"https:\/\/wampole.wp.vortexdev.com\/fr\/produit\/vitamine-c-comprimes-croquables-orange\/","og_locale":"fr_FR","og_type":"article","og_title":"EN SOLDE - VITAMINE C 500MG CROQUABLES ORANGE - Wampole","og_description":"Saveur naturelle d\u2019orange 500 mg de vitamine C par comprim\u00e9 Croquable Bon go\u00fbt Offert dans un format de 120 ou 180 comprim\u00e9s","og_url":"https:\/\/wampole.wp.vortexdev.com\/fr\/produit\/vitamine-c-comprimes-croquables-orange\/","og_site_name":"Wampole","article_publisher":"https:\/\/www.facebook.com\/WampoleInc\/","article_modified_time":"2026-02-09T14:49:35+00:00","og_image":[{"width":1500,"height":1500,"url":"https:\/\/wampole.wp.vortexdev.com\/wp-content\/uploads\/2022\/08\/WAMPOLE_VitamineC_500Mg_Croquable_120_FR.png","type":"image\/png"}],"twitter_card":"summary_large_image","twitter_misc":{"Dur\u00e9e de lecture estim\u00e9e":"1 minute"},"schema":{"@context":"https:\/\/schema.org","@graph":[{"@type":"WebPage","@id":"https:\/\/wampole.wp.vortexdev.com\/fr\/produit\/vitamine-c-comprimes-croquables-orange\/","url":"https:\/\/wampole.wp.vortexdev.com\/fr\/produit\/vitamine-c-comprimes-croquables-orange\/","name":"EN SOLDE - VITAMINE C 500MG CROQUABLES ORANGE - Wampole","isPartOf":{"@id":"https:\/\/wampole.wp.vortexdev.com\/#website"},"primaryImageOfPage":{"@id":"https:\/\/wampole.wp.vortexdev.com\/fr\/produit\/vitamine-c-comprimes-croquables-orange\/#primaryimage"},"image":{"@id":"https:\/\/wampole.wp.vortexdev.com\/fr\/produit\/vitamine-c-comprimes-croquables-orange\/#primaryimage"},"thumbnailUrl":"https:\/\/wampole.wp.vortexdev.com\/wp-content\/uploads\/2022\/08\/WAMPOLE_VitamineC_500Mg_Croquable_120_FR.png","datePublished":"2022-08-12T05:38:48+00:00","dateModified":"2026-02-09T14:49:35+00:00","breadcrumb":{"@id":"https:\/\/wampole.wp.vortexdev.com\/fr\/produit\/vitamine-c-comprimes-croquables-orange\/#breadcrumb"},"inLanguage":"fr-FR","potentialAction":[{"@type":"ReadAction","target":["https:\/\/wampole.wp.vortexdev.com\/fr\/produit\/vitamine-c-comprimes-croquables-orange\/"]}]},{"@type":"ImageObject","inLanguage":"fr-FR","@id":"https:\/\/wampole.wp.vortexdev.com\/fr\/produit\/vitamine-c-comprimes-croquables-orange\/#primaryimage","url":"https:\/\/wampole.wp.vortexdev.com\/wp-content\/uploads\/2022\/08\/WAMPOLE_VitamineC_500Mg_Croquable_120_FR.png","contentUrl":"https:\/\/wampole.wp.vortexdev.com\/wp-content\/uploads\/2022\/08\/WAMPOLE_VitamineC_500Mg_Croquable_120_FR.png","width":1500,"height":1500},{"@type":"BreadcrumbList","@id":"https:\/\/wampole.wp.vortexdev.com\/fr\/produit\/vitamine-c-comprimes-croquables-orange\/#breadcrumb","itemListElement":[{"@type":"ListItem","position":1,"name":"Accueil","item":"https:\/\/wampole.wp.vortexdev.com\/fr\/"},{"@type":"ListItem","position":2,"name":"Boutique (not used)","item":"https:\/\/wampole.wp.vortexdev.com\/fr\/boutique\/"},{"@type":"ListItem","position":3,"name":"EN SOLDE &#8211; VITAMINE C 500MG CROQUABLES ORANGE"}]},{"@type":"WebSite","@id":"https:\/\/wampole.wp.vortexdev.com\/#website","url":"https:\/\/wampole.wp.vortexdev.com\/","name":"Wampole","description":"","publisher":{"@id":"https:\/\/wampole.wp.vortexdev.com\/#organization"},"potentialAction":[{"@type":"SearchAction","target":{"@type":"EntryPoint","urlTemplate":"https:\/\/wampole.wp.vortexdev.com\/?s={search_term_string}"},"query-input":{"@type":"PropertyValueSpecification","valueRequired":true,"valueName":"search_term_string"}}],"inLanguage":"fr-FR"},{"@type":"Organization","@id":"https:\/\/wampole.wp.vortexdev.com\/#organization","name":"Wampole","url":"https:\/\/wampole.wp.vortexdev.com\/","logo":{"@type":"ImageObject","inLanguage":"fr-FR","@id":"https:\/\/wampole.wp.vortexdev.com\/#\/schema\/logo\/image\/","url":"https:\/\/wampole.wp.vortexdev.com\/wp-content\/uploads\/2022\/03\/WAMPOLE_Logo-EN.png","contentUrl":"https:\/\/wampole.wp.vortexdev.com\/wp-content\/uploads\/2022\/03\/WAMPOLE_Logo-EN.png","width":3300,"height":1053,"caption":"Wampole"},"image":{"@id":"https:\/\/wampole.wp.vortexdev.com\/#\/schema\/logo\/image\/"},"sameAs":["https:\/\/www.facebook.com\/WampoleInc\/","https:\/\/www.youtube.com\/channel\/UCpQexQ_7lSnd4-BERfis2pQ"]}]}},"_links":{"self":[{"href":"https:\/\/wampole.wp.vortexdev.com\/fr\/wp-json\/wp\/v2\/product\/4562","targetHints":{"allow":["GET"]}}],"collection":[{"href":"https:\/\/wampole.wp.vortexdev.com\/fr\/wp-json\/wp\/v2\/product"}],"about":[{"href":"https:\/\/wampole.wp.vortexdev.com\/fr\/wp-json\/wp\/v2\/types\/product"}],"replies":[{"embeddable":true,"href":"https:\/\/wampole.wp.vortexdev.com\/fr\/wp-json\/wp\/v2\/comments?post=4562"}],"wp:featuredmedia":[{"embeddable":true,"href":"https:\/\/wampole.wp.vortexdev.com\/fr\/wp-json\/wp\/v2\/media\/5103"}],"wp:attachment":[{"href":"https:\/\/wampole.wp.vortexdev.com\/fr\/wp-json\/wp\/v2\/media?parent=4562"}],"wp:term":[{"taxonomy":"product_brand","embeddable":true,"href":"https:\/\/wampole.wp.vortexdev.com\/fr\/wp-json\/wp\/v2\/product_brand?post=4562"},{"taxonomy":"product_cat","embeddable":true,"href":"https:\/\/wampole.wp.vortexdev.com\/fr\/wp-json\/wp\/v2\/product_cat?post=4562"},{"taxonomy":"product_tag","embeddable":true,"href":"https:\/\/wampole.wp.vortexdev.com\/fr\/wp-json\/wp\/v2\/product_tag?post=4562"}],"curies":[{"name":"wp","href":"https:\/\/api.w.org\/{rel}","templated":true}]}}