{"id":4530,"date":"2022-08-12T09:08:07","date_gmt":"2022-08-12T13:08:07","guid":{"rendered":"https:\/\/wampole.webloft.dev\/produit\/vitamin-b12-extended-release\/"},"modified":"2025-05-16T11:07:28","modified_gmt":"2025-05-16T15:07:28","slug":"vitamine-b12-liberation-prolongee","status":"publish","type":"product","link":"https:\/\/wampole.wp.vortexdev.com\/fr\/produit\/vitamine-b12-liberation-prolongee\/","title":{"rendered":"VITAMINE B12 1200 MCG LIB\u00c9RATION PROLONG\u00c9E"},"content":{"rendered":"<ul>\n<li>1200 MCG par comprim\u00e9<\/li>\n<li>Lib\u00e9ration prolong\u00e9e<\/li>\n<li>Format Boni<\/li>\n<li>80 Comprim\u00e9s<\/li>\n<\/ul>\n","protected":false},"excerpt":{"rendered":"<p>1200 MCG par comprim\u00e9 Lib\u00e9ration prolong\u00e9e Format Boni 80 Comprim\u00e9s<\/p>\n","protected":false},"featured_media":14597,"comment_status":"closed","ping_status":"closed","template":"","meta":{"_acf_changed":false},"product_brand":[],"product_cat":[447,445,206,205,202,232,203,226],"product_tag":[233,234,235,231],"class_list":{"0":"post-4530","1":"product","2":"type-product","3":"status-publish","4":"has-post-thumbnail","6":"product_cat-fabrique-au-canada","7":"product_cat-fabrique-localement","8":"product_cat-emballage-eco","9":"product_cat-bouteilles-100-recyclees","10":"product_cat-energie","11":"product_cat-b12-fr","12":"product_cat-vitamines-et-mineraux","13":"product_cat-vitamine-b","14":"product_tag-energie","15":"product_tag-plus-denergie","16":"product_tag-tablets-fr","17":"product_tag-vitamins-and-minerals-fr","18":"wl_wc_brands-wampole","19":"wl_wc_benefits-plus-denergie","20":"wl_wc_formats-comprimes-2","21":"wl_wc_dnc-eco-fr","22":"wl_wc_dnc-energy-fr","23":"wl_wc_dnc-extended-release-fr","25":"first","26":"instock","27":"taxable","28":"shipping-taxable","29":"purchasable","30":"product-type-simple"},"acf":[],"yoast_head":"<!-- This site is optimized with the Yoast SEO plugin v26.8 - https:\/\/yoast.com\/product\/yoast-seo-wordpress\/ -->\n<title>VITAMINE B12 1200 MCG LIB\u00c9RATION PROLONG\u00c9E - Wampole<\/title>\n<meta name=\"robots\" content=\"index, follow, max-snippet:-1, max-image-preview:large, max-video-preview:-1\" \/>\n<link rel=\"canonical\" href=\"https:\/\/wampole.wp.vortexdev.com\/fr\/produit\/vitamine-b12-liberation-prolongee\/\" \/>\n<meta property=\"og:locale\" content=\"fr_FR\" \/>\n<meta property=\"og:type\" content=\"article\" \/>\n<meta property=\"og:title\" content=\"VITAMINE B12 1200 MCG LIB\u00c9RATION PROLONG\u00c9E - Wampole\" \/>\n<meta property=\"og:description\" content=\"1200 MCG par comprim\u00e9 Lib\u00e9ration prolong\u00e9e Format Boni 80 Comprim\u00e9s\" \/>\n<meta property=\"og:url\" content=\"https:\/\/wampole.wp.vortexdev.com\/fr\/produit\/vitamine-b12-liberation-prolongee\/\" \/>\n<meta property=\"og:site_name\" content=\"Wampole\" \/>\n<meta property=\"article:publisher\" content=\"https:\/\/www.facebook.com\/WampoleInc\/\" \/>\n<meta property=\"article:modified_time\" content=\"2025-05-16T15:07:28+00:00\" \/>\n<meta property=\"og:image\" content=\"https:\/\/wampole.wp.vortexdev.com\/wp-content\/uploads\/2022\/08\/Vitamine-B12-croq-FR.png\" \/>\n\t<meta property=\"og:image:width\" content=\"1000\" \/>\n\t<meta property=\"og:image:height\" content=\"1000\" \/>\n\t<meta property=\"og:image:type\" content=\"image\/png\" \/>\n<meta name=\"twitter:card\" content=\"summary_large_image\" \/>\n<meta name=\"twitter:label1\" content=\"Dur\u00e9e de lecture estim\u00e9e\" \/>\n\t<meta name=\"twitter:data1\" content=\"1 minute\" \/>\n<script type=\"application\/ld+json\" class=\"yoast-schema-graph\">{\"@context\":\"https:\/\/schema.org\",\"@graph\":[{\"@type\":\"WebPage\",\"@id\":\"https:\/\/wampole.wp.vortexdev.com\/fr\/produit\/vitamine-b12-liberation-prolongee\/\",\"url\":\"https:\/\/wampole.wp.vortexdev.com\/fr\/produit\/vitamine-b12-liberation-prolongee\/\",\"name\":\"VITAMINE B12 1200 MCG LIB\u00c9RATION PROLONG\u00c9E - Wampole\",\"isPartOf\":{\"@id\":\"https:\/\/wampole.wp.vortexdev.com\/#website\"},\"primaryImageOfPage\":{\"@id\":\"https:\/\/wampole.wp.vortexdev.com\/fr\/produit\/vitamine-b12-liberation-prolongee\/#primaryimage\"},\"image\":{\"@id\":\"https:\/\/wampole.wp.vortexdev.com\/fr\/produit\/vitamine-b12-liberation-prolongee\/#primaryimage\"},\"thumbnailUrl\":\"https:\/\/wampole.wp.vortexdev.com\/wp-content\/uploads\/2022\/08\/Vitamine-B12-croq-FR.png\",\"datePublished\":\"2022-08-12T13:08:07+00:00\",\"dateModified\":\"2025-05-16T15:07:28+00:00\",\"breadcrumb\":{\"@id\":\"https:\/\/wampole.wp.vortexdev.com\/fr\/produit\/vitamine-b12-liberation-prolongee\/#breadcrumb\"},\"inLanguage\":\"fr-FR\",\"potentialAction\":[{\"@type\":\"ReadAction\",\"target\":[\"https:\/\/wampole.wp.vortexdev.com\/fr\/produit\/vitamine-b12-liberation-prolongee\/\"]}]},{\"@type\":\"ImageObject\",\"inLanguage\":\"fr-FR\",\"@id\":\"https:\/\/wampole.wp.vortexdev.com\/fr\/produit\/vitamine-b12-liberation-prolongee\/#primaryimage\",\"url\":\"https:\/\/wampole.wp.vortexdev.com\/wp-content\/uploads\/2022\/08\/Vitamine-B12-croq-FR.png\",\"contentUrl\":\"https:\/\/wampole.wp.vortexdev.com\/wp-content\/uploads\/2022\/08\/Vitamine-B12-croq-FR.png\",\"width\":1000,\"height\":1000},{\"@type\":\"BreadcrumbList\",\"@id\":\"https:\/\/wampole.wp.vortexdev.com\/fr\/produit\/vitamine-b12-liberation-prolongee\/#breadcrumb\",\"itemListElement\":[{\"@type\":\"ListItem\",\"position\":1,\"name\":\"Accueil\",\"item\":\"https:\/\/wampole.wp.vortexdev.com\/fr\/\"},{\"@type\":\"ListItem\",\"position\":2,\"name\":\"Boutique (not used)\",\"item\":\"https:\/\/wampole.wp.vortexdev.com\/fr\/boutique\/\"},{\"@type\":\"ListItem\",\"position\":3,\"name\":\"VITAMINE B12 1200 MCG LIB\u00c9RATION PROLONG\u00c9E\"}]},{\"@type\":\"WebSite\",\"@id\":\"https:\/\/wampole.wp.vortexdev.com\/#website\",\"url\":\"https:\/\/wampole.wp.vortexdev.com\/\",\"name\":\"Wampole\",\"description\":\"\",\"publisher\":{\"@id\":\"https:\/\/wampole.wp.vortexdev.com\/#organization\"},\"potentialAction\":[{\"@type\":\"SearchAction\",\"target\":{\"@type\":\"EntryPoint\",\"urlTemplate\":\"https:\/\/wampole.wp.vortexdev.com\/?s={search_term_string}\"},\"query-input\":{\"@type\":\"PropertyValueSpecification\",\"valueRequired\":true,\"valueName\":\"search_term_string\"}}],\"inLanguage\":\"fr-FR\"},{\"@type\":\"Organization\",\"@id\":\"https:\/\/wampole.wp.vortexdev.com\/#organization\",\"name\":\"Wampole\",\"url\":\"https:\/\/wampole.wp.vortexdev.com\/\",\"logo\":{\"@type\":\"ImageObject\",\"inLanguage\":\"fr-FR\",\"@id\":\"https:\/\/wampole.wp.vortexdev.com\/#\/schema\/logo\/image\/\",\"url\":\"https:\/\/wampole.wp.vortexdev.com\/wp-content\/uploads\/2022\/03\/WAMPOLE_Logo-EN.png\",\"contentUrl\":\"https:\/\/wampole.wp.vortexdev.com\/wp-content\/uploads\/2022\/03\/WAMPOLE_Logo-EN.png\",\"width\":3300,\"height\":1053,\"caption\":\"Wampole\"},\"image\":{\"@id\":\"https:\/\/wampole.wp.vortexdev.com\/#\/schema\/logo\/image\/\"},\"sameAs\":[\"https:\/\/www.facebook.com\/WampoleInc\/\",\"https:\/\/www.youtube.com\/channel\/UCpQexQ_7lSnd4-BERfis2pQ\"]}]}<\/script>\n<!-- \/ Yoast SEO plugin. -->","yoast_head_json":{"title":"VITAMINE B12 1200 MCG LIB\u00c9RATION PROLONG\u00c9E - Wampole","robots":{"index":"index","follow":"follow","max-snippet":"max-snippet:-1","max-image-preview":"max-image-preview:large","max-video-preview":"max-video-preview:-1"},"canonical":"https:\/\/wampole.wp.vortexdev.com\/fr\/produit\/vitamine-b12-liberation-prolongee\/","og_locale":"fr_FR","og_type":"article","og_title":"VITAMINE B12 1200 MCG LIB\u00c9RATION PROLONG\u00c9E - Wampole","og_description":"1200 MCG par comprim\u00e9 Lib\u00e9ration prolong\u00e9e Format Boni 80 Comprim\u00e9s","og_url":"https:\/\/wampole.wp.vortexdev.com\/fr\/produit\/vitamine-b12-liberation-prolongee\/","og_site_name":"Wampole","article_publisher":"https:\/\/www.facebook.com\/WampoleInc\/","article_modified_time":"2025-05-16T15:07:28+00:00","og_image":[{"width":1000,"height":1000,"url":"https:\/\/wampole.wp.vortexdev.com\/wp-content\/uploads\/2022\/08\/Vitamine-B12-croq-FR.png","type":"image\/png"}],"twitter_card":"summary_large_image","twitter_misc":{"Dur\u00e9e de lecture estim\u00e9e":"1 minute"},"schema":{"@context":"https:\/\/schema.org","@graph":[{"@type":"WebPage","@id":"https:\/\/wampole.wp.vortexdev.com\/fr\/produit\/vitamine-b12-liberation-prolongee\/","url":"https:\/\/wampole.wp.vortexdev.com\/fr\/produit\/vitamine-b12-liberation-prolongee\/","name":"VITAMINE B12 1200 MCG LIB\u00c9RATION PROLONG\u00c9E - Wampole","isPartOf":{"@id":"https:\/\/wampole.wp.vortexdev.com\/#website"},"primaryImageOfPage":{"@id":"https:\/\/wampole.wp.vortexdev.com\/fr\/produit\/vitamine-b12-liberation-prolongee\/#primaryimage"},"image":{"@id":"https:\/\/wampole.wp.vortexdev.com\/fr\/produit\/vitamine-b12-liberation-prolongee\/#primaryimage"},"thumbnailUrl":"https:\/\/wampole.wp.vortexdev.com\/wp-content\/uploads\/2022\/08\/Vitamine-B12-croq-FR.png","datePublished":"2022-08-12T13:08:07+00:00","dateModified":"2025-05-16T15:07:28+00:00","breadcrumb":{"@id":"https:\/\/wampole.wp.vortexdev.com\/fr\/produit\/vitamine-b12-liberation-prolongee\/#breadcrumb"},"inLanguage":"fr-FR","potentialAction":[{"@type":"ReadAction","target":["https:\/\/wampole.wp.vortexdev.com\/fr\/produit\/vitamine-b12-liberation-prolongee\/"]}]},{"@type":"ImageObject","inLanguage":"fr-FR","@id":"https:\/\/wampole.wp.vortexdev.com\/fr\/produit\/vitamine-b12-liberation-prolongee\/#primaryimage","url":"https:\/\/wampole.wp.vortexdev.com\/wp-content\/uploads\/2022\/08\/Vitamine-B12-croq-FR.png","contentUrl":"https:\/\/wampole.wp.vortexdev.com\/wp-content\/uploads\/2022\/08\/Vitamine-B12-croq-FR.png","width":1000,"height":1000},{"@type":"BreadcrumbList","@id":"https:\/\/wampole.wp.vortexdev.com\/fr\/produit\/vitamine-b12-liberation-prolongee\/#breadcrumb","itemListElement":[{"@type":"ListItem","position":1,"name":"Accueil","item":"https:\/\/wampole.wp.vortexdev.com\/fr\/"},{"@type":"ListItem","position":2,"name":"Boutique (not used)","item":"https:\/\/wampole.wp.vortexdev.com\/fr\/boutique\/"},{"@type":"ListItem","position":3,"name":"VITAMINE B12 1200 MCG LIB\u00c9RATION PROLONG\u00c9E"}]},{"@type":"WebSite","@id":"https:\/\/wampole.wp.vortexdev.com\/#website","url":"https:\/\/wampole.wp.vortexdev.com\/","name":"Wampole","description":"","publisher":{"@id":"https:\/\/wampole.wp.vortexdev.com\/#organization"},"potentialAction":[{"@type":"SearchAction","target":{"@type":"EntryPoint","urlTemplate":"https:\/\/wampole.wp.vortexdev.com\/?s={search_term_string}"},"query-input":{"@type":"PropertyValueSpecification","valueRequired":true,"valueName":"search_term_string"}}],"inLanguage":"fr-FR"},{"@type":"Organization","@id":"https:\/\/wampole.wp.vortexdev.com\/#organization","name":"Wampole","url":"https:\/\/wampole.wp.vortexdev.com\/","logo":{"@type":"ImageObject","inLanguage":"fr-FR","@id":"https:\/\/wampole.wp.vortexdev.com\/#\/schema\/logo\/image\/","url":"https:\/\/wampole.wp.vortexdev.com\/wp-content\/uploads\/2022\/03\/WAMPOLE_Logo-EN.png","contentUrl":"https:\/\/wampole.wp.vortexdev.com\/wp-content\/uploads\/2022\/03\/WAMPOLE_Logo-EN.png","width":3300,"height":1053,"caption":"Wampole"},"image":{"@id":"https:\/\/wampole.wp.vortexdev.com\/#\/schema\/logo\/image\/"},"sameAs":["https:\/\/www.facebook.com\/WampoleInc\/","https:\/\/www.youtube.com\/channel\/UCpQexQ_7lSnd4-BERfis2pQ"]}]}},"_links":{"self":[{"href":"https:\/\/wampole.wp.vortexdev.com\/fr\/wp-json\/wp\/v2\/product\/4530","targetHints":{"allow":["GET"]}}],"collection":[{"href":"https:\/\/wampole.wp.vortexdev.com\/fr\/wp-json\/wp\/v2\/product"}],"about":[{"href":"https:\/\/wampole.wp.vortexdev.com\/fr\/wp-json\/wp\/v2\/types\/product"}],"replies":[{"embeddable":true,"href":"https:\/\/wampole.wp.vortexdev.com\/fr\/wp-json\/wp\/v2\/comments?post=4530"}],"wp:featuredmedia":[{"embeddable":true,"href":"https:\/\/wampole.wp.vortexdev.com\/fr\/wp-json\/wp\/v2\/media\/14597"}],"wp:attachment":[{"href":"https:\/\/wampole.wp.vortexdev.com\/fr\/wp-json\/wp\/v2\/media?parent=4530"}],"wp:term":[{"taxonomy":"product_brand","embeddable":true,"href":"https:\/\/wampole.wp.vortexdev.com\/fr\/wp-json\/wp\/v2\/product_brand?post=4530"},{"taxonomy":"product_cat","embeddable":true,"href":"https:\/\/wampole.wp.vortexdev.com\/fr\/wp-json\/wp\/v2\/product_cat?post=4530"},{"taxonomy":"product_tag","embeddable":true,"href":"https:\/\/wampole.wp.vortexdev.com\/fr\/wp-json\/wp\/v2\/product_tag?post=4530"}],"curies":[{"name":"wp","href":"https:\/\/api.w.org\/{rel}","templated":true}]}}