{"id":12165,"date":"2024-09-12T15:52:02","date_gmt":"2024-09-12T19:52:02","guid":{"rendered":"https:\/\/www.wampole.wp.vortexdev.com\/?post_type=product&#038;p=12165"},"modified":"2026-02-09T09:46:35","modified_gmt":"2026-02-09T14:46:35","slug":"ultra-c-immunite-baie-de-surreau","status":"publish","type":"product","link":"https:\/\/wampole.wp.vortexdev.com\/fr\/produit\/ultra-c-immunite-baie-de-surreau\/","title":{"rendered":"EN SOLDE &#8211; ULTRA-C IMMUNIT\u00c9 BAIE DE SUREAU 1000 MG POUDRE EFFERVESCENTE"},"content":{"rendered":"<ul>\n<li>Saveur de baie de sureau<\/li>\n<li>Poudre effervescente \u00e0 m\u00e9langer<\/li>\n<li>1000 mg de vitamine C\n<ul>\n<li>+7 vitamines B<\/li>\n<li>+\u00e9lectrolytes<\/li>\n<li>+autres vitamines et min\u00e9raux<\/li>\n<\/ul>\n<\/li>\n<li>30 Sachets<\/li>\n<\/ul>\n","protected":false},"excerpt":{"rendered":"<p>Saveur de baie de sureau Poudre effervescente \u00e0 m\u00e9langer 1000 mg de vitamine C +7 vitamines B +\u00e9lectrolytes +autres vitamines et min\u00e9raux 30 Sachets<\/p>\n","protected":false},"featured_media":12346,"comment_status":"closed","ping_status":"closed","template":"","meta":{"_acf_changed":false},"product_brand":[],"product_cat":[202,242,329,232,198,241,223,243,203,221,222,224,226],"product_tag":[233,229,234,244,230,231],"class_list":{"0":"post-12165","1":"product","2":"type-product","3":"status-publish","4":"has-post-thumbnail","6":"product_cat-energie","7":"product_cat-tonique","8":"product_cat-ultra-c-fr","9":"product_cat-b12-fr","10":"product_cat-immunite","11":"product_cat-antioxydant","12":"product_cat-vitamine-c","13":"product_cat-zinc-fr","14":"product_cat-vitamines-et-mineraux","15":"product_cat-magnesium","16":"product_cat-multivitamines","17":"product_cat-vitamine-c-vitamines-mineraux","18":"product_cat-vitamine-b","19":"product_tag-energie","20":"product_tag-immunite","21":"product_tag-plus-denergie","22":"product_tag-poudre","23":"product_tag-support-immune-function-fr","24":"product_tag-vitamins-and-minerals-fr","25":"wl_wc_brands-wampole","26":"wl_wc_benefits-plus-denergie","27":"wl_wc_benefits-support-de-la-fonction-immunitaire","28":"wl_wc_formats-poudre","29":"wl_wc_dnc-effervescent-fr","30":"wl_wc_dnc-energy-fr","31":"wl_wc_dnc-daily-sachet-fr","33":"first","34":"instock","35":"sale","36":"featured","37":"taxable","38":"shipping-taxable","39":"purchasable","40":"product-type-simple"},"acf":[],"yoast_head":"<!-- This site is optimized with the Yoast SEO plugin v26.8 - https:\/\/yoast.com\/product\/yoast-seo-wordpress\/ -->\n<title>EN SOLDE - ULTRA-C IMMUNIT\u00c9 BAIE DE SUREAU 1000 MG POUDRE EFFERVESCENTE - Wampole<\/title>\n<meta name=\"description\" content=\"Poudre effervescente aux baies de sureau \u00e0 m\u00e9langer. Contient 30 sachets avec vitamine C, + de 7 vitamines B,, \u00e9lectrolytes et autres vitamines et min\u00e9raux.\" \/>\n<meta name=\"robots\" content=\"index, follow, max-snippet:-1, max-image-preview:large, max-video-preview:-1\" \/>\n<link rel=\"canonical\" href=\"https:\/\/wampole.wp.vortexdev.com\/fr\/produit\/ultra-c-immunite-baie-de-surreau\/\" \/>\n<meta property=\"og:locale\" content=\"fr_FR\" \/>\n<meta property=\"og:type\" content=\"article\" \/>\n<meta property=\"og:title\" content=\"EN SOLDE - ULTRA-C IMMUNIT\u00c9 BAIE DE SUREAU 1000 MG POUDRE EFFERVESCENTE - Wampole\" \/>\n<meta property=\"og:description\" content=\"Poudre effervescente aux baies de sureau \u00e0 m\u00e9langer. Contient 30 sachets avec vitamine C, + de 7 vitamines B,, \u00e9lectrolytes et autres vitamines et min\u00e9raux.\" \/>\n<meta property=\"og:url\" content=\"https:\/\/wampole.wp.vortexdev.com\/fr\/produit\/ultra-c-immunite-baie-de-surreau\/\" \/>\n<meta property=\"og:site_name\" content=\"Wampole\" \/>\n<meta property=\"article:publisher\" content=\"https:\/\/www.facebook.com\/WampoleInc\/\" \/>\n<meta property=\"article:modified_time\" content=\"2026-02-09T14:46:35+00:00\" \/>\n<meta property=\"og:image\" content=\"https:\/\/wampole.wp.vortexdev.com\/wp-content\/uploads\/2024\/09\/Ultra-C-Elderberry-FR-1.png\" \/>\n\t<meta property=\"og:image:width\" content=\"1500\" \/>\n\t<meta property=\"og:image:height\" content=\"1500\" \/>\n\t<meta property=\"og:image:type\" content=\"image\/png\" \/>\n<meta name=\"twitter:card\" content=\"summary_large_image\" \/>\n<meta name=\"twitter:label1\" content=\"Dur\u00e9e de lecture estim\u00e9e\" \/>\n\t<meta name=\"twitter:data1\" content=\"1 minute\" \/>\n<script type=\"application\/ld+json\" class=\"yoast-schema-graph\">{\"@context\":\"https:\/\/schema.org\",\"@graph\":[{\"@type\":\"WebPage\",\"@id\":\"https:\/\/wampole.wp.vortexdev.com\/fr\/produit\/ultra-c-immunite-baie-de-surreau\/\",\"url\":\"https:\/\/wampole.wp.vortexdev.com\/fr\/produit\/ultra-c-immunite-baie-de-surreau\/\",\"name\":\"EN SOLDE - ULTRA-C IMMUNIT\u00c9 BAIE DE SUREAU 1000 MG POUDRE EFFERVESCENTE - Wampole\",\"isPartOf\":{\"@id\":\"https:\/\/wampole.wp.vortexdev.com\/#website\"},\"primaryImageOfPage\":{\"@id\":\"https:\/\/wampole.wp.vortexdev.com\/fr\/produit\/ultra-c-immunite-baie-de-surreau\/#primaryimage\"},\"image\":{\"@id\":\"https:\/\/wampole.wp.vortexdev.com\/fr\/produit\/ultra-c-immunite-baie-de-surreau\/#primaryimage\"},\"thumbnailUrl\":\"https:\/\/wampole.wp.vortexdev.com\/wp-content\/uploads\/2024\/09\/Ultra-C-Elderberry-FR-1.png\",\"datePublished\":\"2024-09-12T19:52:02+00:00\",\"dateModified\":\"2026-02-09T14:46:35+00:00\",\"description\":\"Poudre effervescente aux baies de sureau \u00e0 m\u00e9langer. Contient 30 sachets avec vitamine C, + de 7 vitamines B,, \u00e9lectrolytes et autres vitamines et min\u00e9raux.\",\"breadcrumb\":{\"@id\":\"https:\/\/wampole.wp.vortexdev.com\/fr\/produit\/ultra-c-immunite-baie-de-surreau\/#breadcrumb\"},\"inLanguage\":\"fr-FR\",\"potentialAction\":[{\"@type\":\"ReadAction\",\"target\":[\"https:\/\/wampole.wp.vortexdev.com\/fr\/produit\/ultra-c-immunite-baie-de-surreau\/\"]}]},{\"@type\":\"ImageObject\",\"inLanguage\":\"fr-FR\",\"@id\":\"https:\/\/wampole.wp.vortexdev.com\/fr\/produit\/ultra-c-immunite-baie-de-surreau\/#primaryimage\",\"url\":\"https:\/\/wampole.wp.vortexdev.com\/wp-content\/uploads\/2024\/09\/Ultra-C-Elderberry-FR-1.png\",\"contentUrl\":\"https:\/\/wampole.wp.vortexdev.com\/wp-content\/uploads\/2024\/09\/Ultra-C-Elderberry-FR-1.png\",\"width\":1500,\"height\":1500},{\"@type\":\"BreadcrumbList\",\"@id\":\"https:\/\/wampole.wp.vortexdev.com\/fr\/produit\/ultra-c-immunite-baie-de-surreau\/#breadcrumb\",\"itemListElement\":[{\"@type\":\"ListItem\",\"position\":1,\"name\":\"Accueil\",\"item\":\"https:\/\/wampole.wp.vortexdev.com\/fr\/\"},{\"@type\":\"ListItem\",\"position\":2,\"name\":\"Boutique (not used)\",\"item\":\"https:\/\/wampole.wp.vortexdev.com\/fr\/boutique\/\"},{\"@type\":\"ListItem\",\"position\":3,\"name\":\"EN SOLDE &#8211; ULTRA-C IMMUNIT\u00c9 BAIE DE SUREAU 1000 MG POUDRE EFFERVESCENTE\"}]},{\"@type\":\"WebSite\",\"@id\":\"https:\/\/wampole.wp.vortexdev.com\/#website\",\"url\":\"https:\/\/wampole.wp.vortexdev.com\/\",\"name\":\"Wampole\",\"description\":\"\",\"publisher\":{\"@id\":\"https:\/\/wampole.wp.vortexdev.com\/#organization\"},\"potentialAction\":[{\"@type\":\"SearchAction\",\"target\":{\"@type\":\"EntryPoint\",\"urlTemplate\":\"https:\/\/wampole.wp.vortexdev.com\/?s={search_term_string}\"},\"query-input\":{\"@type\":\"PropertyValueSpecification\",\"valueRequired\":true,\"valueName\":\"search_term_string\"}}],\"inLanguage\":\"fr-FR\"},{\"@type\":\"Organization\",\"@id\":\"https:\/\/wampole.wp.vortexdev.com\/#organization\",\"name\":\"Wampole\",\"url\":\"https:\/\/wampole.wp.vortexdev.com\/\",\"logo\":{\"@type\":\"ImageObject\",\"inLanguage\":\"fr-FR\",\"@id\":\"https:\/\/wampole.wp.vortexdev.com\/#\/schema\/logo\/image\/\",\"url\":\"https:\/\/wampole.wp.vortexdev.com\/wp-content\/uploads\/2022\/03\/WAMPOLE_Logo-EN.png\",\"contentUrl\":\"https:\/\/wampole.wp.vortexdev.com\/wp-content\/uploads\/2022\/03\/WAMPOLE_Logo-EN.png\",\"width\":3300,\"height\":1053,\"caption\":\"Wampole\"},\"image\":{\"@id\":\"https:\/\/wampole.wp.vortexdev.com\/#\/schema\/logo\/image\/\"},\"sameAs\":[\"https:\/\/www.facebook.com\/WampoleInc\/\",\"https:\/\/www.youtube.com\/channel\/UCpQexQ_7lSnd4-BERfis2pQ\"]}]}<\/script>\n<!-- \/ Yoast SEO plugin. -->","yoast_head_json":{"title":"EN SOLDE - ULTRA-C IMMUNIT\u00c9 BAIE DE SUREAU 1000 MG POUDRE EFFERVESCENTE - Wampole","description":"Poudre effervescente aux baies de sureau \u00e0 m\u00e9langer. Contient 30 sachets avec vitamine C, + de 7 vitamines B,, \u00e9lectrolytes et autres vitamines et min\u00e9raux.","robots":{"index":"index","follow":"follow","max-snippet":"max-snippet:-1","max-image-preview":"max-image-preview:large","max-video-preview":"max-video-preview:-1"},"canonical":"https:\/\/wampole.wp.vortexdev.com\/fr\/produit\/ultra-c-immunite-baie-de-surreau\/","og_locale":"fr_FR","og_type":"article","og_title":"EN SOLDE - ULTRA-C IMMUNIT\u00c9 BAIE DE SUREAU 1000 MG POUDRE EFFERVESCENTE - Wampole","og_description":"Poudre effervescente aux baies de sureau \u00e0 m\u00e9langer. Contient 30 sachets avec vitamine C, + de 7 vitamines B,, \u00e9lectrolytes et autres vitamines et min\u00e9raux.","og_url":"https:\/\/wampole.wp.vortexdev.com\/fr\/produit\/ultra-c-immunite-baie-de-surreau\/","og_site_name":"Wampole","article_publisher":"https:\/\/www.facebook.com\/WampoleInc\/","article_modified_time":"2026-02-09T14:46:35+00:00","og_image":[{"width":1500,"height":1500,"url":"https:\/\/wampole.wp.vortexdev.com\/wp-content\/uploads\/2024\/09\/Ultra-C-Elderberry-FR-1.png","type":"image\/png"}],"twitter_card":"summary_large_image","twitter_misc":{"Dur\u00e9e de lecture estim\u00e9e":"1 minute"},"schema":{"@context":"https:\/\/schema.org","@graph":[{"@type":"WebPage","@id":"https:\/\/wampole.wp.vortexdev.com\/fr\/produit\/ultra-c-immunite-baie-de-surreau\/","url":"https:\/\/wampole.wp.vortexdev.com\/fr\/produit\/ultra-c-immunite-baie-de-surreau\/","name":"EN SOLDE - ULTRA-C IMMUNIT\u00c9 BAIE DE SUREAU 1000 MG POUDRE EFFERVESCENTE - Wampole","isPartOf":{"@id":"https:\/\/wampole.wp.vortexdev.com\/#website"},"primaryImageOfPage":{"@id":"https:\/\/wampole.wp.vortexdev.com\/fr\/produit\/ultra-c-immunite-baie-de-surreau\/#primaryimage"},"image":{"@id":"https:\/\/wampole.wp.vortexdev.com\/fr\/produit\/ultra-c-immunite-baie-de-surreau\/#primaryimage"},"thumbnailUrl":"https:\/\/wampole.wp.vortexdev.com\/wp-content\/uploads\/2024\/09\/Ultra-C-Elderberry-FR-1.png","datePublished":"2024-09-12T19:52:02+00:00","dateModified":"2026-02-09T14:46:35+00:00","description":"Poudre effervescente aux baies de sureau \u00e0 m\u00e9langer. Contient 30 sachets avec vitamine C, + de 7 vitamines B,, \u00e9lectrolytes et autres vitamines et min\u00e9raux.","breadcrumb":{"@id":"https:\/\/wampole.wp.vortexdev.com\/fr\/produit\/ultra-c-immunite-baie-de-surreau\/#breadcrumb"},"inLanguage":"fr-FR","potentialAction":[{"@type":"ReadAction","target":["https:\/\/wampole.wp.vortexdev.com\/fr\/produit\/ultra-c-immunite-baie-de-surreau\/"]}]},{"@type":"ImageObject","inLanguage":"fr-FR","@id":"https:\/\/wampole.wp.vortexdev.com\/fr\/produit\/ultra-c-immunite-baie-de-surreau\/#primaryimage","url":"https:\/\/wampole.wp.vortexdev.com\/wp-content\/uploads\/2024\/09\/Ultra-C-Elderberry-FR-1.png","contentUrl":"https:\/\/wampole.wp.vortexdev.com\/wp-content\/uploads\/2024\/09\/Ultra-C-Elderberry-FR-1.png","width":1500,"height":1500},{"@type":"BreadcrumbList","@id":"https:\/\/wampole.wp.vortexdev.com\/fr\/produit\/ultra-c-immunite-baie-de-surreau\/#breadcrumb","itemListElement":[{"@type":"ListItem","position":1,"name":"Accueil","item":"https:\/\/wampole.wp.vortexdev.com\/fr\/"},{"@type":"ListItem","position":2,"name":"Boutique (not used)","item":"https:\/\/wampole.wp.vortexdev.com\/fr\/boutique\/"},{"@type":"ListItem","position":3,"name":"EN SOLDE &#8211; ULTRA-C IMMUNIT\u00c9 BAIE DE SUREAU 1000 MG POUDRE EFFERVESCENTE"}]},{"@type":"WebSite","@id":"https:\/\/wampole.wp.vortexdev.com\/#website","url":"https:\/\/wampole.wp.vortexdev.com\/","name":"Wampole","description":"","publisher":{"@id":"https:\/\/wampole.wp.vortexdev.com\/#organization"},"potentialAction":[{"@type":"SearchAction","target":{"@type":"EntryPoint","urlTemplate":"https:\/\/wampole.wp.vortexdev.com\/?s={search_term_string}"},"query-input":{"@type":"PropertyValueSpecification","valueRequired":true,"valueName":"search_term_string"}}],"inLanguage":"fr-FR"},{"@type":"Organization","@id":"https:\/\/wampole.wp.vortexdev.com\/#organization","name":"Wampole","url":"https:\/\/wampole.wp.vortexdev.com\/","logo":{"@type":"ImageObject","inLanguage":"fr-FR","@id":"https:\/\/wampole.wp.vortexdev.com\/#\/schema\/logo\/image\/","url":"https:\/\/wampole.wp.vortexdev.com\/wp-content\/uploads\/2022\/03\/WAMPOLE_Logo-EN.png","contentUrl":"https:\/\/wampole.wp.vortexdev.com\/wp-content\/uploads\/2022\/03\/WAMPOLE_Logo-EN.png","width":3300,"height":1053,"caption":"Wampole"},"image":{"@id":"https:\/\/wampole.wp.vortexdev.com\/#\/schema\/logo\/image\/"},"sameAs":["https:\/\/www.facebook.com\/WampoleInc\/","https:\/\/www.youtube.com\/channel\/UCpQexQ_7lSnd4-BERfis2pQ"]}]}},"_links":{"self":[{"href":"https:\/\/wampole.wp.vortexdev.com\/fr\/wp-json\/wp\/v2\/product\/12165","targetHints":{"allow":["GET"]}}],"collection":[{"href":"https:\/\/wampole.wp.vortexdev.com\/fr\/wp-json\/wp\/v2\/product"}],"about":[{"href":"https:\/\/wampole.wp.vortexdev.com\/fr\/wp-json\/wp\/v2\/types\/product"}],"replies":[{"embeddable":true,"href":"https:\/\/wampole.wp.vortexdev.com\/fr\/wp-json\/wp\/v2\/comments?post=12165"}],"wp:featuredmedia":[{"embeddable":true,"href":"https:\/\/wampole.wp.vortexdev.com\/fr\/wp-json\/wp\/v2\/media\/12346"}],"wp:attachment":[{"href":"https:\/\/wampole.wp.vortexdev.com\/fr\/wp-json\/wp\/v2\/media?parent=12165"}],"wp:term":[{"taxonomy":"product_brand","embeddable":true,"href":"https:\/\/wampole.wp.vortexdev.com\/fr\/wp-json\/wp\/v2\/product_brand?post=12165"},{"taxonomy":"product_cat","embeddable":true,"href":"https:\/\/wampole.wp.vortexdev.com\/fr\/wp-json\/wp\/v2\/product_cat?post=12165"},{"taxonomy":"product_tag","embeddable":true,"href":"https:\/\/wampole.wp.vortexdev.com\/fr\/wp-json\/wp\/v2\/product_tag?post=12165"}],"curies":[{"name":"wp","href":"https:\/\/api.w.org\/{rel}","templated":true}]}}