{"id":10049,"date":"2023-12-13T15:56:10","date_gmt":"2023-12-13T20:56:10","guid":{"rendered":"https:\/\/www.wampole.wp.vortexdev.com\/product\/ultra-energy-shot\/"},"modified":"2026-02-09T09:44:51","modified_gmt":"2026-02-09T14:44:51","slug":"ultra-energy-shot","status":"publish","type":"product","link":"https:\/\/wampole.wp.vortexdev.com\/fr\/produit\/ultra-energy-shot\/","title":{"rendered":"EN SOLDE &#8211; ULTRA ENERGY SHOT"},"content":{"rendered":"<ul>\n<li>12 sachets x 30 mL<\/li>\n<li>Aide \u00e0 soutenir les fonctions cognitives, am\u00e9liorer la performance physique et r\u00e9duire la fatigue mentale<\/li>\n<li>Une fusion de vitamines et d&rsquo;extraits de v\u00e9g\u00e9taux<\/li>\n<li>0 g de sucre<\/li>\n<li>Moins de 1 mg de caf\u00e9ine<\/li>\n<li>Saveur naturelle d&rsquo;orange<\/li>\n<\/ul>\n","protected":false},"excerpt":{"rendered":"<p>12 sachets x 30 mL Aide \u00e0 soutenir les fonctions cognitives, am\u00e9liorer la performance physique et r\u00e9duire la fatigue mentale Une fusion de vitamines et d&rsquo;extraits de v\u00e9g\u00e9taux 0 g de sucre Moins de 1 mg de caf\u00e9ine Saveur naturelle d&rsquo;orange<\/p>\n","protected":false},"featured_media":13844,"comment_status":"closed","ping_status":"closed","template":"","meta":{"_acf_changed":false},"product_brand":[],"product_cat":[202,198,241,223,197,203,224,226],"product_tag":[233,398,229,234,230,399],"class_list":{"0":"post-10049","1":"product","2":"type-product","3":"status-publish","4":"has-post-thumbnail","6":"product_cat-energie","7":"product_cat-immunite","8":"product_cat-antioxydant","9":"product_cat-vitamine-c","10":"product_cat-bon-gout-saveur-naturelle","11":"product_cat-vitamines-et-mineraux","12":"product_cat-vitamine-c-vitamines-mineraux","13":"product_cat-vitamine-b","14":"product_tag-energie","15":"product_tag-energy-gel-fr","16":"product_tag-immunite","17":"product_tag-plus-denergie","18":"product_tag-support-immune-function-fr","19":"product_tag-vitamins-fr","20":"wl_wc_brands-wampole","21":"wl_wc_benefits-plus-denergie","22":"wl_wc_benefits-support-de-la-fonction-immunitaire","23":"wl_wc_formats-liquide","24":"wl_wc_dnc-0-g-of-sugar-fr","25":"wl_wc_dnc-fast-absorption-fr","26":"wl_wc_dnc-caffeine_free-fr","27":"wl_wc_dnc-gluten-fr","29":"first","30":"instock","31":"sale","32":"featured","33":"taxable","34":"shipping-taxable","35":"purchasable","36":"product-type-simple"},"acf":[],"yoast_head":"<!-- This site is optimized with the Yoast SEO plugin v26.8 - https:\/\/yoast.com\/product\/yoast-seo-wordpress\/ -->\n<title>EN SOLDE - ULTRA ENERGY SHOT - Wampole<\/title>\n<meta name=\"robots\" content=\"index, follow, max-snippet:-1, max-image-preview:large, max-video-preview:-1\" \/>\n<link rel=\"canonical\" href=\"https:\/\/wampole.wp.vortexdev.com\/fr\/produit\/ultra-energy-shot\/\" \/>\n<meta property=\"og:locale\" content=\"fr_FR\" \/>\n<meta property=\"og:type\" content=\"article\" \/>\n<meta property=\"og:title\" content=\"EN SOLDE - ULTRA ENERGY SHOT - Wampole\" \/>\n<meta property=\"og:description\" content=\"12 sachets x 30 mL Aide \u00e0 soutenir les fonctions cognitives, am\u00e9liorer la performance physique et r\u00e9duire la fatigue mentale Une fusion de vitamines et d&rsquo;extraits de v\u00e9g\u00e9taux 0 g de sucre Moins de 1 mg de caf\u00e9ine Saveur naturelle d&rsquo;orange\" \/>\n<meta property=\"og:url\" content=\"https:\/\/wampole.wp.vortexdev.com\/fr\/produit\/ultra-energy-shot\/\" \/>\n<meta property=\"og:site_name\" content=\"Wampole\" \/>\n<meta property=\"article:publisher\" content=\"https:\/\/www.facebook.com\/WampoleInc\/\" \/>\n<meta property=\"article:modified_time\" content=\"2026-02-09T14:44:51+00:00\" \/>\n<meta property=\"og:image\" content=\"https:\/\/wampole.wp.vortexdev.com\/wp-content\/uploads\/2023\/12\/Images-produits-Web-2.png\" \/>\n\t<meta property=\"og:image:width\" content=\"1000\" \/>\n\t<meta property=\"og:image:height\" content=\"1000\" \/>\n\t<meta property=\"og:image:type\" content=\"image\/png\" \/>\n<meta name=\"twitter:card\" content=\"summary_large_image\" \/>\n<meta name=\"twitter:label1\" content=\"Dur\u00e9e de lecture estim\u00e9e\" \/>\n\t<meta name=\"twitter:data1\" content=\"1 minute\" \/>\n<script type=\"application\/ld+json\" class=\"yoast-schema-graph\">{\"@context\":\"https:\/\/schema.org\",\"@graph\":[{\"@type\":\"WebPage\",\"@id\":\"https:\/\/wampole.wp.vortexdev.com\/fr\/produit\/ultra-energy-shot\/\",\"url\":\"https:\/\/wampole.wp.vortexdev.com\/fr\/produit\/ultra-energy-shot\/\",\"name\":\"EN SOLDE - ULTRA ENERGY SHOT - Wampole\",\"isPartOf\":{\"@id\":\"https:\/\/wampole.wp.vortexdev.com\/#website\"},\"primaryImageOfPage\":{\"@id\":\"https:\/\/wampole.wp.vortexdev.com\/fr\/produit\/ultra-energy-shot\/#primaryimage\"},\"image\":{\"@id\":\"https:\/\/wampole.wp.vortexdev.com\/fr\/produit\/ultra-energy-shot\/#primaryimage\"},\"thumbnailUrl\":\"https:\/\/wampole.wp.vortexdev.com\/wp-content\/uploads\/2023\/12\/Images-produits-Web-2.png\",\"datePublished\":\"2023-12-13T20:56:10+00:00\",\"dateModified\":\"2026-02-09T14:44:51+00:00\",\"breadcrumb\":{\"@id\":\"https:\/\/wampole.wp.vortexdev.com\/fr\/produit\/ultra-energy-shot\/#breadcrumb\"},\"inLanguage\":\"fr-FR\",\"potentialAction\":[{\"@type\":\"ReadAction\",\"target\":[\"https:\/\/wampole.wp.vortexdev.com\/fr\/produit\/ultra-energy-shot\/\"]}]},{\"@type\":\"ImageObject\",\"inLanguage\":\"fr-FR\",\"@id\":\"https:\/\/wampole.wp.vortexdev.com\/fr\/produit\/ultra-energy-shot\/#primaryimage\",\"url\":\"https:\/\/wampole.wp.vortexdev.com\/wp-content\/uploads\/2023\/12\/Images-produits-Web-2.png\",\"contentUrl\":\"https:\/\/wampole.wp.vortexdev.com\/wp-content\/uploads\/2023\/12\/Images-produits-Web-2.png\",\"width\":1000,\"height\":1000,\"caption\":\"Sachet de Ultra Energy Shot\"},{\"@type\":\"BreadcrumbList\",\"@id\":\"https:\/\/wampole.wp.vortexdev.com\/fr\/produit\/ultra-energy-shot\/#breadcrumb\",\"itemListElement\":[{\"@type\":\"ListItem\",\"position\":1,\"name\":\"Accueil\",\"item\":\"https:\/\/wampole.wp.vortexdev.com\/fr\/\"},{\"@type\":\"ListItem\",\"position\":2,\"name\":\"Boutique (not used)\",\"item\":\"https:\/\/wampole.wp.vortexdev.com\/fr\/boutique\/\"},{\"@type\":\"ListItem\",\"position\":3,\"name\":\"EN SOLDE &#8211; ULTRA ENERGY SHOT\"}]},{\"@type\":\"WebSite\",\"@id\":\"https:\/\/wampole.wp.vortexdev.com\/#website\",\"url\":\"https:\/\/wampole.wp.vortexdev.com\/\",\"name\":\"Wampole\",\"description\":\"\",\"publisher\":{\"@id\":\"https:\/\/wampole.wp.vortexdev.com\/#organization\"},\"potentialAction\":[{\"@type\":\"SearchAction\",\"target\":{\"@type\":\"EntryPoint\",\"urlTemplate\":\"https:\/\/wampole.wp.vortexdev.com\/?s={search_term_string}\"},\"query-input\":{\"@type\":\"PropertyValueSpecification\",\"valueRequired\":true,\"valueName\":\"search_term_string\"}}],\"inLanguage\":\"fr-FR\"},{\"@type\":\"Organization\",\"@id\":\"https:\/\/wampole.wp.vortexdev.com\/#organization\",\"name\":\"Wampole\",\"url\":\"https:\/\/wampole.wp.vortexdev.com\/\",\"logo\":{\"@type\":\"ImageObject\",\"inLanguage\":\"fr-FR\",\"@id\":\"https:\/\/wampole.wp.vortexdev.com\/#\/schema\/logo\/image\/\",\"url\":\"https:\/\/wampole.wp.vortexdev.com\/wp-content\/uploads\/2022\/03\/WAMPOLE_Logo-EN.png\",\"contentUrl\":\"https:\/\/wampole.wp.vortexdev.com\/wp-content\/uploads\/2022\/03\/WAMPOLE_Logo-EN.png\",\"width\":3300,\"height\":1053,\"caption\":\"Wampole\"},\"image\":{\"@id\":\"https:\/\/wampole.wp.vortexdev.com\/#\/schema\/logo\/image\/\"},\"sameAs\":[\"https:\/\/www.facebook.com\/WampoleInc\/\",\"https:\/\/www.youtube.com\/channel\/UCpQexQ_7lSnd4-BERfis2pQ\"]}]}<\/script>\n<!-- \/ Yoast SEO plugin. -->","yoast_head_json":{"title":"EN SOLDE - ULTRA ENERGY SHOT - Wampole","robots":{"index":"index","follow":"follow","max-snippet":"max-snippet:-1","max-image-preview":"max-image-preview:large","max-video-preview":"max-video-preview:-1"},"canonical":"https:\/\/wampole.wp.vortexdev.com\/fr\/produit\/ultra-energy-shot\/","og_locale":"fr_FR","og_type":"article","og_title":"EN SOLDE - ULTRA ENERGY SHOT - Wampole","og_description":"12 sachets x 30 mL Aide \u00e0 soutenir les fonctions cognitives, am\u00e9liorer la performance physique et r\u00e9duire la fatigue mentale Une fusion de vitamines et d&rsquo;extraits de v\u00e9g\u00e9taux 0 g de sucre Moins de 1 mg de caf\u00e9ine Saveur naturelle d&rsquo;orange","og_url":"https:\/\/wampole.wp.vortexdev.com\/fr\/produit\/ultra-energy-shot\/","og_site_name":"Wampole","article_publisher":"https:\/\/www.facebook.com\/WampoleInc\/","article_modified_time":"2026-02-09T14:44:51+00:00","og_image":[{"width":1000,"height":1000,"url":"https:\/\/wampole.wp.vortexdev.com\/wp-content\/uploads\/2023\/12\/Images-produits-Web-2.png","type":"image\/png"}],"twitter_card":"summary_large_image","twitter_misc":{"Dur\u00e9e de lecture estim\u00e9e":"1 minute"},"schema":{"@context":"https:\/\/schema.org","@graph":[{"@type":"WebPage","@id":"https:\/\/wampole.wp.vortexdev.com\/fr\/produit\/ultra-energy-shot\/","url":"https:\/\/wampole.wp.vortexdev.com\/fr\/produit\/ultra-energy-shot\/","name":"EN SOLDE - ULTRA ENERGY SHOT - Wampole","isPartOf":{"@id":"https:\/\/wampole.wp.vortexdev.com\/#website"},"primaryImageOfPage":{"@id":"https:\/\/wampole.wp.vortexdev.com\/fr\/produit\/ultra-energy-shot\/#primaryimage"},"image":{"@id":"https:\/\/wampole.wp.vortexdev.com\/fr\/produit\/ultra-energy-shot\/#primaryimage"},"thumbnailUrl":"https:\/\/wampole.wp.vortexdev.com\/wp-content\/uploads\/2023\/12\/Images-produits-Web-2.png","datePublished":"2023-12-13T20:56:10+00:00","dateModified":"2026-02-09T14:44:51+00:00","breadcrumb":{"@id":"https:\/\/wampole.wp.vortexdev.com\/fr\/produit\/ultra-energy-shot\/#breadcrumb"},"inLanguage":"fr-FR","potentialAction":[{"@type":"ReadAction","target":["https:\/\/wampole.wp.vortexdev.com\/fr\/produit\/ultra-energy-shot\/"]}]},{"@type":"ImageObject","inLanguage":"fr-FR","@id":"https:\/\/wampole.wp.vortexdev.com\/fr\/produit\/ultra-energy-shot\/#primaryimage","url":"https:\/\/wampole.wp.vortexdev.com\/wp-content\/uploads\/2023\/12\/Images-produits-Web-2.png","contentUrl":"https:\/\/wampole.wp.vortexdev.com\/wp-content\/uploads\/2023\/12\/Images-produits-Web-2.png","width":1000,"height":1000,"caption":"Sachet de Ultra Energy Shot"},{"@type":"BreadcrumbList","@id":"https:\/\/wampole.wp.vortexdev.com\/fr\/produit\/ultra-energy-shot\/#breadcrumb","itemListElement":[{"@type":"ListItem","position":1,"name":"Accueil","item":"https:\/\/wampole.wp.vortexdev.com\/fr\/"},{"@type":"ListItem","position":2,"name":"Boutique (not used)","item":"https:\/\/wampole.wp.vortexdev.com\/fr\/boutique\/"},{"@type":"ListItem","position":3,"name":"EN SOLDE &#8211; ULTRA ENERGY SHOT"}]},{"@type":"WebSite","@id":"https:\/\/wampole.wp.vortexdev.com\/#website","url":"https:\/\/wampole.wp.vortexdev.com\/","name":"Wampole","description":"","publisher":{"@id":"https:\/\/wampole.wp.vortexdev.com\/#organization"},"potentialAction":[{"@type":"SearchAction","target":{"@type":"EntryPoint","urlTemplate":"https:\/\/wampole.wp.vortexdev.com\/?s={search_term_string}"},"query-input":{"@type":"PropertyValueSpecification","valueRequired":true,"valueName":"search_term_string"}}],"inLanguage":"fr-FR"},{"@type":"Organization","@id":"https:\/\/wampole.wp.vortexdev.com\/#organization","name":"Wampole","url":"https:\/\/wampole.wp.vortexdev.com\/","logo":{"@type":"ImageObject","inLanguage":"fr-FR","@id":"https:\/\/wampole.wp.vortexdev.com\/#\/schema\/logo\/image\/","url":"https:\/\/wampole.wp.vortexdev.com\/wp-content\/uploads\/2022\/03\/WAMPOLE_Logo-EN.png","contentUrl":"https:\/\/wampole.wp.vortexdev.com\/wp-content\/uploads\/2022\/03\/WAMPOLE_Logo-EN.png","width":3300,"height":1053,"caption":"Wampole"},"image":{"@id":"https:\/\/wampole.wp.vortexdev.com\/#\/schema\/logo\/image\/"},"sameAs":["https:\/\/www.facebook.com\/WampoleInc\/","https:\/\/www.youtube.com\/channel\/UCpQexQ_7lSnd4-BERfis2pQ"]}]}},"_links":{"self":[{"href":"https:\/\/wampole.wp.vortexdev.com\/fr\/wp-json\/wp\/v2\/product\/10049","targetHints":{"allow":["GET"]}}],"collection":[{"href":"https:\/\/wampole.wp.vortexdev.com\/fr\/wp-json\/wp\/v2\/product"}],"about":[{"href":"https:\/\/wampole.wp.vortexdev.com\/fr\/wp-json\/wp\/v2\/types\/product"}],"replies":[{"embeddable":true,"href":"https:\/\/wampole.wp.vortexdev.com\/fr\/wp-json\/wp\/v2\/comments?post=10049"}],"wp:featuredmedia":[{"embeddable":true,"href":"https:\/\/wampole.wp.vortexdev.com\/fr\/wp-json\/wp\/v2\/media\/13844"}],"wp:attachment":[{"href":"https:\/\/wampole.wp.vortexdev.com\/fr\/wp-json\/wp\/v2\/media?parent=10049"}],"wp:term":[{"taxonomy":"product_brand","embeddable":true,"href":"https:\/\/wampole.wp.vortexdev.com\/fr\/wp-json\/wp\/v2\/product_brand?post=10049"},{"taxonomy":"product_cat","embeddable":true,"href":"https:\/\/wampole.wp.vortexdev.com\/fr\/wp-json\/wp\/v2\/product_cat?post=10049"},{"taxonomy":"product_tag","embeddable":true,"href":"https:\/\/wampole.wp.vortexdev.com\/fr\/wp-json\/wp\/v2\/product_tag?post=10049"}],"curies":[{"name":"wp","href":"https:\/\/api.w.org\/{rel}","templated":true}]}}