{"id":14927,"date":"2025-07-08T08:32:57","date_gmt":"2025-07-08T12:32:57","guid":{"rendered":"https:\/\/www.wampole.wp.vortexdev.com\/?page_id=14927"},"modified":"2025-07-11T08:53:35","modified_gmt":"2025-07-11T12:53:35","slug":"concours-partenariat-etienne-papineau","status":"publish","type":"page","link":"https:\/\/wampole.wp.vortexdev.com\/fr\/home\/concours-partenariat-etienne-papineau\/","title":{"rendered":"WAMPOLE &#8211; Concours partenariat \u00c9tienne Papineau"},"content":{"rendered":"\t\t<div data-elementor-type=\"wp-page\" data-elementor-id=\"14927\" class=\"elementor elementor-14927\" data-elementor-post-type=\"page\">\n\t\t\t\t\t\t<section class=\"elementor-section elementor-top-section elementor-element elementor-element-74925de elementor-section-boxed elementor-section-height-default elementor-section-height-default\" data-id=\"74925de\" data-element_type=\"section\">\n\t\t\t\t\t\t<div class=\"elementor-container elementor-column-gap-default\">\n\t\t\t\t\t<div class=\"elementor-column elementor-col-100 elementor-top-column elementor-element elementor-element-0c9a66d\" data-id=\"0c9a66d\" data-element_type=\"column\">\n\t\t\t<div class=\"elementor-widget-wrap elementor-element-populated\">\n\t\t\t\t\t\t<div class=\"elementor-element elementor-element-b60acbf elementor-widget elementor-widget-heading\" data-id=\"b60acbf\" data-element_type=\"widget\" data-widget_type=\"heading.default\">\n\t\t\t\t<div class=\"elementor-widget-container\">\n\t\t\t\t\t<h2 class=\"elementor-heading-title elementor-size-default\">Participez au concours pour courir la chance de gagner une exp\u00e9rience de golf VIP d'une valeur de plus de 1000$ ! <\/h2>\t\t\t\t<\/div>\n\t\t\t\t<\/div>\n\t\t\t\t\t<\/div>\n\t\t<\/div>\n\t\t\t\t\t<\/div>\n\t\t<\/section>\n\t\t\t\t<section class=\"elementor-section elementor-top-section elementor-element elementor-element-886d723 elementor-section-boxed elementor-section-height-default elementor-section-height-default\" data-id=\"886d723\" data-element_type=\"section\">\n\t\t\t\t\t\t<div class=\"elementor-container elementor-column-gap-default\">\n\t\t\t\t\t<div class=\"elementor-column elementor-col-50 elementor-top-column elementor-element elementor-element-214039f\" data-id=\"214039f\" data-element_type=\"column\">\n\t\t\t<div class=\"elementor-widget-wrap elementor-element-populated\">\n\t\t\t\t\t\t<div class=\"elementor-element elementor-element-72e823b elementor-widget-tablet__width-initial elementor-widget elementor-widget-image\" data-id=\"72e823b\" data-element_type=\"widget\" data-widget_type=\"image.default\">\n\t\t\t\t<div class=\"elementor-widget-container\">\n\t\t\t\t\t\t\t\t\t\t\t\t\t\t\t<img fetchpriority=\"high\" decoding=\"async\" width=\"800\" height=\"1000\" src=\"https:\/\/wampole.wp.vortexdev.com\/wp-content\/uploads\/2025\/07\/Posts-RS-1080x1350-65.png\" class=\"attachment-large size-large wp-image-14947\" alt=\"\" srcset=\"https:\/\/wampole.wp.vortexdev.com\/wp-content\/uploads\/2025\/07\/Posts-RS-1080x1350-65.png 800w, https:\/\/wampole.wp.vortexdev.com\/wp-content\/uploads\/2025\/07\/Posts-RS-1080x1350-65-240x300.png 240w, https:\/\/wampole.wp.vortexdev.com\/wp-content\/uploads\/2025\/07\/Posts-RS-1080x1350-65-768x960.png 768w, https:\/\/wampole.wp.vortexdev.com\/wp-content\/uploads\/2025\/07\/Posts-RS-1080x1350-65-600x750.png 600w\" sizes=\"(max-width: 800px) 100vw, 800px\" \/>\t\t\t\t\t\t\t\t\t\t\t\t\t\t\t<\/div>\n\t\t\t\t<\/div>\n\t\t\t\t\t<\/div>\n\t\t<\/div>\n\t\t\t\t<div class=\"elementor-column elementor-col-50 elementor-top-column elementor-element elementor-element-05dab8a\" data-id=\"05dab8a\" data-element_type=\"column\">\n\t\t\t<div class=\"elementor-widget-wrap elementor-element-populated\">\n\t\t\t\t\t\t<div class=\"elementor-element elementor-element-a636102 elementor-widget-tablet__width-initial elementor-widget elementor-widget-text-editor\" data-id=\"a636102\" data-element_type=\"widget\" data-widget_type=\"text-editor.default\">\n\t\t\t\t<div class=\"elementor-widget-container\">\n\t\t\t\t\t\t\t\t\t<p class=\"cvGsUA direction-ltr align-start para-style-body\"><span class=\"OYPEnA font-feature-liga-off font-feature-clig-off font-feature-calt-off text-decoration-none text-strikethrough-none\">Vous pourriez vivre une exp\u00e9rience exclusive au prestigieux <\/span><span class=\"OYPEnA font-feature-liga-off font-feature-clig-off font-feature-calt-off text-decoration-none text-strikethrough-none\">Club de golf Pinegrove<\/span><span class=\"OYPEnA font-feature-liga-off font-feature-clig-off font-feature-calt-off text-decoration-none text-strikethrough-none\"> avec deux amis\u2026 et <\/span><span class=\"OYPEnA font-feature-liga-off font-feature-clig-off font-feature-calt-off text-decoration-none text-strikethrough-none\">le golfeur professionnel \u00c9tienne Papineau!<\/span><\/p><p class=\"cvGsUA direction-ltr align-start para-style-body\"><span class=\"OYPEnA font-feature-liga-off font-feature-clig-off font-feature-calt-off text-decoration-none text-strikethrough-none\"><strong>\u00c0 gagner<\/strong> :<\/span><\/p><p class=\"cvGsUA direction-ltr align-start para-style-body\"><span class=\"OYPEnA font-feature-liga-off font-feature-clig-off font-feature-calt-off text-decoration-none text-strikethrough-none\">\ud83c\udf7d\ufe0f Un<\/span><strong><span class=\"OYPEnA font-feature-liga-off font-feature-clig-off font-feature-calt-off text-decoration-none text-strikethrough-none\"> d\u00eener VIP<\/span><\/strong><span class=\"OYPEnA font-feature-liga-off font-feature-clig-off font-feature-calt-off text-decoration-none text-strikethrough-none\"> pour vous et deux amis, en compagnie d\u2019\u00c9tienne Papineau<\/span><\/p><p class=\"cvGsUA direction-ltr align-start para-style-body\"><span class=\"OYPEnA font-feature-liga-off font-feature-clig-off font-feature-calt-off text-decoration-none text-strikethrough-none\">\u26f3 Un <\/span><strong><span class=\"OYPEnA font-feature-liga-off font-feature-clig-off font-feature-calt-off text-decoration-none text-strikethrough-none\">18 trous en foursome<\/span><\/strong><span class=\"OYPEnA font-feature-liga-off font-feature-clig-off font-feature-calt-off text-decoration-none text-strikethrough-none\"> avec \u00c9tienne<\/span><\/p><p class=\"cvGsUA direction-ltr align-start para-style-body\"><span class=\"OYPEnA font-feature-liga-off font-feature-clig-off font-feature-calt-off text-decoration-none text-strikethrough-none\">\ud83c\udf4a Des produits Ultra-C\u2026 et d\u2019autres surprises!<\/span><\/p><p class=\"cvGsUA direction-ltr align-start para-style-body\"><span class=\"OYPEnA font-feature-liga-off font-feature-clig-off font-feature-calt-off text-decoration-none text-strikethrough-none\">Veuillez vous assurer d\u2019\u00eatre disponible, ou en mesure de vous rendre disponible, <\/span><span class=\"OYPEnA font-feature-liga-off font-feature-clig-off font-feature-calt-off text-decoration-none text-strikethrough-none\"><strong>le jeudi 4 septembre 2025, \u00e0 partir de midi<\/strong>,<\/span><span class=\"OYPEnA font-feature-liga-off font-feature-clig-off font-feature-calt-off text-decoration-none text-strikethrough-none\"> advenant que vous remportiez l\u2019exp\u00e9rience VIP.<\/span><\/p>\t\t\t\t\t\t\t\t<\/div>\n\t\t\t\t<\/div>\n\t\t\t\t<div class=\"elementor-element elementor-element-4d22ca7 elementor-widget__width-initial elementor-widget-tablet__width-initial elementor-widget elementor-widget-html\" data-id=\"4d22ca7\" data-element_type=\"widget\" data-widget_type=\"html.default\">\n\t\t\t\t<div class=\"elementor-widget-container\">\n\t\t\t\t\t<iframe src=\"https:\/\/app.cyberimpact.com\/clients\/55308\/subscribe-forms\/CBAB83DC-7D9A-4FD0-90B8-BA3350E5AEC6\" width=\"1300\" height=\"543\" frameborder=\"0\" marginheight=\"0\" marginwidth=\"0\" scrolling=\"auto\"><\/iframe>\t\t\t\t<\/div>\n\t\t\t\t<\/div>\n\t\t\t\t\t<\/div>\n\t\t<\/div>\n\t\t\t\t\t<\/div>\n\t\t<\/section>\n\t\t\t\t<section class=\"elementor-section elementor-top-section elementor-element elementor-element-26afa21 elementor-section-boxed elementor-section-height-default elementor-section-height-default\" data-id=\"26afa21\" data-element_type=\"section\">\n\t\t\t\t\t\t<div class=\"elementor-container elementor-column-gap-default\">\n\t\t\t\t\t<div class=\"elementor-column elementor-col-100 elementor-top-column elementor-element elementor-element-960e21a\" data-id=\"960e21a\" data-element_type=\"column\">\n\t\t\t<div class=\"elementor-widget-wrap elementor-element-populated\">\n\t\t\t\t\t\t<div class=\"elementor-element elementor-element-6d97fbb elementor-widget__width-inherit elementor-widget elementor-widget-accordion\" data-id=\"6d97fbb\" data-element_type=\"widget\" data-widget_type=\"accordion.default\">\n\t\t\t\t<div class=\"elementor-widget-container\">\n\t\t\t\t\t\t\t<div class=\"elementor-accordion\">\n\t\t\t\t\t\t\t<div class=\"elementor-accordion-item\">\n\t\t\t\t\t<div id=\"elementor-tab-title-1141\" class=\"elementor-tab-title\" data-tab=\"1\" role=\"button\" aria-controls=\"elementor-tab-content-1141\" aria-expanded=\"false\">\n\t\t\t\t\t\t\t\t\t\t\t\t\t<span class=\"elementor-accordion-icon elementor-accordion-icon-left\" aria-hidden=\"true\">\n\t\t\t\t\t\t\t\t\t\t\t\t\t\t\t<span class=\"elementor-accordion-icon-closed\"><i class=\"fas fa-plus\"><\/i><\/span>\n\t\t\t\t\t\t\t\t<span class=\"elementor-accordion-icon-opened\"><i class=\"fas fa-minus\"><\/i><\/span>\n\t\t\t\t\t\t\t\t\t\t\t\t\t\t<\/span>\n\t\t\t\t\t\t\t\t\t\t\t\t<a class=\"elementor-accordion-title\" tabindex=\"0\">Conditions du concours<\/a>\n\t\t\t\t\t<\/div>\n\t\t\t\t\t<div id=\"elementor-tab-content-1141\" class=\"elementor-tab-content elementor-clearfix\" data-tab=\"1\" role=\"region\" aria-labelledby=\"elementor-tab-title-1141\"><p>\u00a0Le concours est ouvert du 11 juillet 2025 (9h00, heure de l\u2019EST) au 11 ao\u00fbt 2025 (23h59, heure de l\u2019Est) aux r\u00e9sidants du Qu\u00e9bec \u00e2g\u00e9 de dix-huit (18) ans ou plus au moment de leur inscription. Le gagnant ou la gagnante sera choisi.e par tirage au sort le 12 ao\u00fbt 2025 \u00e0 14h00 (heure de l\u2019Est) et sera contact\u00e9 par courriel \u00e0 l\u2019adresse courriel utilis\u00e9e pour participer au concours.<\/p><p>Pour \u00eatre \u00e9ligible au concours, les participants devront remplir le formulaire du concours sur wampole.wp.vortexdev.com. Une (1) seule participation par personne via le formulaire du concours, mais aucune limite pour les participations suppl\u00e9mentaires r\u00e9sultantes d\u2019un commentaire sur Facebook ou Instagram. Un(e) (1) gagnant(e) sera d\u00e9clar\u00e9(e) pour le concours. Le prix consiste d\u2019une (1) partie de golf en formule<i> foursome<\/i> le 4 septembre 2025 pour le gagnant du Concours et deux (2) de ses invit\u00e9s en compagnie de l\u2019athl\u00e8te de golf \u00c9tienne Papineau, au Club de golf Pinegrove situ\u00e9 200 Av. des Pins, Saint-Jean-sur-Richelieu, QC J2W 2J6, pr\u00e9c\u00e9d\u00e9e d\u2019un (1) d\u00eener convivial, le tout d\u2019une valeur totale approximative de mille dollars (1\u00a0000$ CAD). Les chances de gagner d\u00e9pendent du nombre de participations valides. En cochant la case \u00ab J\u2019accepte les conditions g\u00e9n\u00e9rales du concours \u00bb, vous participez et acceptez d\u2019\u00eatre li\u00e9 par le r\u00e8glement du concours et de vous y conformer. Ce concours n\u2019est nullement affili\u00e9, cautionn\u00e9, pr\u00e9sent\u00e9, parrain\u00e9 ou organis\u00e9 par un r\u00e9seau social, incluant Facebook et Instagram.<\/p><p>Je consens \u00e0 ce que Wampole et ses affili\u00e9s utilisent les informations personnelles que j\u2019ai fournies \u00e0 ces fins, tel que d\u00e9crit dans sa\u00a0<a id=\"menurbvr\" class=\"fui-Link ___1q1shib f2hkw1w f3rmtva f1ewtqcl fyind8e f1k6fduh f1w7gpdv fk6fouc fjoy568 figsok6 f1s184ao f1mk8lai fnbmjn9 f1o700av f13mvf36 f1cmlufx f9n3di6 f1ids18y f1tx3yz7 f1deo86v f1eh06m1 f1iescvh fhgqx19 f1olyrje f1p93eir f1nev41a f1h8hb77 f1lqvz6u f10aw75t fsle3fq f17ae5zn\" title=\"https:\/\/www.wampole.wp.vortexdev.com\/fr\/politique-de-confidentialite\/#:~:text=wampole%20ne%20recueillera%2c%20n%27utilisera,le%20permet%20ou%20l%27exige.\" href=\"https:\/\/www.wampole.wp.vortexdev.com\/fr\/politique-de-confidentialite\/#:~:text=Wampole%20ne%20recueillera%2C%20n%27utilisera,le%20permet%20ou%20l%27exige.\" target=\"_blank\" rel=\"noreferrer noopener\" aria-label=\"Lien Politique de confidentialit\u00e9.\">Politique de confidentialit\u00e9.<\/a><\/p><p><a href=\"https:\/\/www.wampole.wp.vortexdev.com\/wp-content\/uploads\/2025\/07\/Wampole-Concours-Experience-Golf-Diner-avec-Etienne-RS_Reglement-Final.pdf\" target=\"_blank\" rel=\"noopener\">Consulter le r\u00e8glement de participation complet.<\/a><\/p><\/div>\n\t\t\t\t<\/div>\n\t\t\t\t\t\t\t\t<\/div>\n\t\t\t\t\t\t<\/div>\n\t\t\t\t<\/div>\n\t\t\t\t\t<\/div>\n\t\t<\/div>\n\t\t\t\t\t<\/div>\n\t\t<\/section>\n\t\t\t\t<\/div>\n\t\t","protected":false},"excerpt":{"rendered":"<p>Participez au concours pour courir la chance de gagner une exp\u00e9rience de golf VIP d&rsquo;une valeur de plus de 1000$ ! Vous pourriez vivre une exp\u00e9rience exclusive au prestigieux Club de golf Pinegrove avec deux amis\u2026 et le golfeur professionnel \u00c9tienne Papineau! \u00c0 gagner : &#x1f37d;&#xfe0f; Un d\u00eener VIP pour vous et deux amis, en [&hellip;]<\/p>\n","protected":false},"author":293,"featured_media":0,"parent":4069,"menu_order":-9998,"comment_status":"closed","ping_status":"closed","template":"","meta":{"_acf_changed":false,"footnotes":""},"class_list":["post-14927","page","type-page","status-publish","hentry"],"acf":[],"yoast_head":"<!-- This site is optimized with the Yoast SEO plugin v26.8 - https:\/\/yoast.com\/product\/yoast-seo-wordpress\/ -->\n<title>WAMPOLE - Concours partenariat \u00c9tienne Papineau - Wampole<\/title>\n<meta name=\"robots\" content=\"index, follow, max-snippet:-1, max-image-preview:large, max-video-preview:-1\" \/>\n<link rel=\"canonical\" href=\"https:\/\/wampole.wp.vortexdev.com\/fr\/home\/concours-partenariat-etienne-papineau\/\" \/>\n<meta property=\"og:locale\" content=\"fr_FR\" \/>\n<meta property=\"og:type\" content=\"article\" \/>\n<meta property=\"og:title\" content=\"WAMPOLE - Concours partenariat \u00c9tienne Papineau - Wampole\" \/>\n<meta property=\"og:description\" content=\"Participez au concours pour courir la chance de gagner une exp\u00e9rience de golf VIP d&rsquo;une valeur de plus de 1000$ ! Vous pourriez vivre une exp\u00e9rience exclusive au prestigieux Club de golf Pinegrove avec deux amis\u2026 et le golfeur professionnel \u00c9tienne Papineau! \u00c0 gagner : &#x1f37d;&#xfe0f; Un d\u00eener VIP pour vous et deux amis, en [&hellip;]\" \/>\n<meta property=\"og:url\" content=\"https:\/\/wampole.wp.vortexdev.com\/fr\/home\/concours-partenariat-etienne-papineau\/\" \/>\n<meta property=\"og:site_name\" content=\"Wampole\" \/>\n<meta property=\"article:publisher\" content=\"https:\/\/www.facebook.com\/WampoleInc\/\" \/>\n<meta property=\"article:modified_time\" content=\"2025-07-11T12:53:35+00:00\" \/>\n<meta property=\"og:image\" content=\"https:\/\/www.wampole.wp.vortexdev.com\/wp-content\/uploads\/2025\/07\/Posts-RS-1080x1350-65.png\" \/>\n<meta name=\"twitter:card\" content=\"summary_large_image\" \/>\n<meta name=\"twitter:label1\" content=\"Dur\u00e9e de lecture estim\u00e9e\" \/>\n\t<meta name=\"twitter:data1\" content=\"2 minutes\" \/>\n<script type=\"application\/ld+json\" class=\"yoast-schema-graph\">{\"@context\":\"https:\/\/schema.org\",\"@graph\":[{\"@type\":\"WebPage\",\"@id\":\"https:\/\/wampole.wp.vortexdev.com\/fr\/home\/concours-partenariat-etienne-papineau\/\",\"url\":\"https:\/\/wampole.wp.vortexdev.com\/fr\/home\/concours-partenariat-etienne-papineau\/\",\"name\":\"WAMPOLE - Concours partenariat \u00c9tienne Papineau - Wampole\",\"isPartOf\":{\"@id\":\"https:\/\/wampole.wp.vortexdev.com\/#website\"},\"primaryImageOfPage\":{\"@id\":\"https:\/\/wampole.wp.vortexdev.com\/fr\/home\/concours-partenariat-etienne-papineau\/#primaryimage\"},\"image\":{\"@id\":\"https:\/\/wampole.wp.vortexdev.com\/fr\/home\/concours-partenariat-etienne-papineau\/#primaryimage\"},\"thumbnailUrl\":\"https:\/\/www.wampole.wp.vortexdev.com\/wp-content\/uploads\/2025\/07\/Posts-RS-1080x1350-65.png\",\"datePublished\":\"2025-07-08T12:32:57+00:00\",\"dateModified\":\"2025-07-11T12:53:35+00:00\",\"breadcrumb\":{\"@id\":\"https:\/\/wampole.wp.vortexdev.com\/fr\/home\/concours-partenariat-etienne-papineau\/#breadcrumb\"},\"inLanguage\":\"fr-FR\",\"potentialAction\":[{\"@type\":\"ReadAction\",\"target\":[\"https:\/\/wampole.wp.vortexdev.com\/fr\/home\/concours-partenariat-etienne-papineau\/\"]}]},{\"@type\":\"ImageObject\",\"inLanguage\":\"fr-FR\",\"@id\":\"https:\/\/wampole.wp.vortexdev.com\/fr\/home\/concours-partenariat-etienne-papineau\/#primaryimage\",\"url\":\"https:\/\/www.wampole.wp.vortexdev.com\/wp-content\/uploads\/2025\/07\/Posts-RS-1080x1350-65.png\",\"contentUrl\":\"https:\/\/www.wampole.wp.vortexdev.com\/wp-content\/uploads\/2025\/07\/Posts-RS-1080x1350-65.png\"},{\"@type\":\"BreadcrumbList\",\"@id\":\"https:\/\/wampole.wp.vortexdev.com\/fr\/home\/concours-partenariat-etienne-papineau\/#breadcrumb\",\"itemListElement\":[{\"@type\":\"ListItem\",\"position\":1,\"name\":\"Accueil\",\"item\":\"https:\/\/wampole.wp.vortexdev.com\/fr\/\"},{\"@type\":\"ListItem\",\"position\":2,\"name\":\"Accueil\",\"item\":\"https:\/\/wampole.wp.vortexdev.com\/fr\/\"},{\"@type\":\"ListItem\",\"position\":3,\"name\":\"WAMPOLE &#8211; Concours partenariat \u00c9tienne Papineau\"}]},{\"@type\":\"WebSite\",\"@id\":\"https:\/\/wampole.wp.vortexdev.com\/#website\",\"url\":\"https:\/\/wampole.wp.vortexdev.com\/\",\"name\":\"Wampole\",\"description\":\"\",\"publisher\":{\"@id\":\"https:\/\/wampole.wp.vortexdev.com\/#organization\"},\"potentialAction\":[{\"@type\":\"SearchAction\",\"target\":{\"@type\":\"EntryPoint\",\"urlTemplate\":\"https:\/\/wampole.wp.vortexdev.com\/?s={search_term_string}\"},\"query-input\":{\"@type\":\"PropertyValueSpecification\",\"valueRequired\":true,\"valueName\":\"search_term_string\"}}],\"inLanguage\":\"fr-FR\"},{\"@type\":\"Organization\",\"@id\":\"https:\/\/wampole.wp.vortexdev.com\/#organization\",\"name\":\"Wampole\",\"url\":\"https:\/\/wampole.wp.vortexdev.com\/\",\"logo\":{\"@type\":\"ImageObject\",\"inLanguage\":\"fr-FR\",\"@id\":\"https:\/\/wampole.wp.vortexdev.com\/#\/schema\/logo\/image\/\",\"url\":\"https:\/\/wampole.wp.vortexdev.com\/wp-content\/uploads\/2022\/03\/WAMPOLE_Logo-EN.png\",\"contentUrl\":\"https:\/\/wampole.wp.vortexdev.com\/wp-content\/uploads\/2022\/03\/WAMPOLE_Logo-EN.png\",\"width\":3300,\"height\":1053,\"caption\":\"Wampole\"},\"image\":{\"@id\":\"https:\/\/wampole.wp.vortexdev.com\/#\/schema\/logo\/image\/\"},\"sameAs\":[\"https:\/\/www.facebook.com\/WampoleInc\/\",\"https:\/\/www.youtube.com\/channel\/UCpQexQ_7lSnd4-BERfis2pQ\"]}]}<\/script>\n<!-- \/ Yoast SEO plugin. -->","yoast_head_json":{"title":"WAMPOLE - Concours partenariat \u00c9tienne Papineau - Wampole","robots":{"index":"index","follow":"follow","max-snippet":"max-snippet:-1","max-image-preview":"max-image-preview:large","max-video-preview":"max-video-preview:-1"},"canonical":"https:\/\/wampole.wp.vortexdev.com\/fr\/home\/concours-partenariat-etienne-papineau\/","og_locale":"fr_FR","og_type":"article","og_title":"WAMPOLE - Concours partenariat \u00c9tienne Papineau - Wampole","og_description":"Participez au concours pour courir la chance de gagner une exp\u00e9rience de golf VIP d&rsquo;une valeur de plus de 1000$ ! Vous pourriez vivre une exp\u00e9rience exclusive au prestigieux Club de golf Pinegrove avec deux amis\u2026 et le golfeur professionnel \u00c9tienne Papineau! \u00c0 gagner : &#x1f37d;&#xfe0f; Un d\u00eener VIP pour vous et deux amis, en [&hellip;]","og_url":"https:\/\/wampole.wp.vortexdev.com\/fr\/home\/concours-partenariat-etienne-papineau\/","og_site_name":"Wampole","article_publisher":"https:\/\/www.facebook.com\/WampoleInc\/","article_modified_time":"2025-07-11T12:53:35+00:00","og_image":[{"url":"https:\/\/www.wampole.wp.vortexdev.com\/wp-content\/uploads\/2025\/07\/Posts-RS-1080x1350-65.png","type":"","width":"","height":""}],"twitter_card":"summary_large_image","twitter_misc":{"Dur\u00e9e de lecture estim\u00e9e":"2 minutes"},"schema":{"@context":"https:\/\/schema.org","@graph":[{"@type":"WebPage","@id":"https:\/\/wampole.wp.vortexdev.com\/fr\/home\/concours-partenariat-etienne-papineau\/","url":"https:\/\/wampole.wp.vortexdev.com\/fr\/home\/concours-partenariat-etienne-papineau\/","name":"WAMPOLE - Concours partenariat \u00c9tienne Papineau - Wampole","isPartOf":{"@id":"https:\/\/wampole.wp.vortexdev.com\/#website"},"primaryImageOfPage":{"@id":"https:\/\/wampole.wp.vortexdev.com\/fr\/home\/concours-partenariat-etienne-papineau\/#primaryimage"},"image":{"@id":"https:\/\/wampole.wp.vortexdev.com\/fr\/home\/concours-partenariat-etienne-papineau\/#primaryimage"},"thumbnailUrl":"https:\/\/www.wampole.wp.vortexdev.com\/wp-content\/uploads\/2025\/07\/Posts-RS-1080x1350-65.png","datePublished":"2025-07-08T12:32:57+00:00","dateModified":"2025-07-11T12:53:35+00:00","breadcrumb":{"@id":"https:\/\/wampole.wp.vortexdev.com\/fr\/home\/concours-partenariat-etienne-papineau\/#breadcrumb"},"inLanguage":"fr-FR","potentialAction":[{"@type":"ReadAction","target":["https:\/\/wampole.wp.vortexdev.com\/fr\/home\/concours-partenariat-etienne-papineau\/"]}]},{"@type":"ImageObject","inLanguage":"fr-FR","@id":"https:\/\/wampole.wp.vortexdev.com\/fr\/home\/concours-partenariat-etienne-papineau\/#primaryimage","url":"https:\/\/www.wampole.wp.vortexdev.com\/wp-content\/uploads\/2025\/07\/Posts-RS-1080x1350-65.png","contentUrl":"https:\/\/www.wampole.wp.vortexdev.com\/wp-content\/uploads\/2025\/07\/Posts-RS-1080x1350-65.png"},{"@type":"BreadcrumbList","@id":"https:\/\/wampole.wp.vortexdev.com\/fr\/home\/concours-partenariat-etienne-papineau\/#breadcrumb","itemListElement":[{"@type":"ListItem","position":1,"name":"Accueil","item":"https:\/\/wampole.wp.vortexdev.com\/fr\/"},{"@type":"ListItem","position":2,"name":"Accueil","item":"https:\/\/wampole.wp.vortexdev.com\/fr\/"},{"@type":"ListItem","position":3,"name":"WAMPOLE &#8211; Concours partenariat \u00c9tienne Papineau"}]},{"@type":"WebSite","@id":"https:\/\/wampole.wp.vortexdev.com\/#website","url":"https:\/\/wampole.wp.vortexdev.com\/","name":"Wampole","description":"","publisher":{"@id":"https:\/\/wampole.wp.vortexdev.com\/#organization"},"potentialAction":[{"@type":"SearchAction","target":{"@type":"EntryPoint","urlTemplate":"https:\/\/wampole.wp.vortexdev.com\/?s={search_term_string}"},"query-input":{"@type":"PropertyValueSpecification","valueRequired":true,"valueName":"search_term_string"}}],"inLanguage":"fr-FR"},{"@type":"Organization","@id":"https:\/\/wampole.wp.vortexdev.com\/#organization","name":"Wampole","url":"https:\/\/wampole.wp.vortexdev.com\/","logo":{"@type":"ImageObject","inLanguage":"fr-FR","@id":"https:\/\/wampole.wp.vortexdev.com\/#\/schema\/logo\/image\/","url":"https:\/\/wampole.wp.vortexdev.com\/wp-content\/uploads\/2022\/03\/WAMPOLE_Logo-EN.png","contentUrl":"https:\/\/wampole.wp.vortexdev.com\/wp-content\/uploads\/2022\/03\/WAMPOLE_Logo-EN.png","width":3300,"height":1053,"caption":"Wampole"},"image":{"@id":"https:\/\/wampole.wp.vortexdev.com\/#\/schema\/logo\/image\/"},"sameAs":["https:\/\/www.facebook.com\/WampoleInc\/","https:\/\/www.youtube.com\/channel\/UCpQexQ_7lSnd4-BERfis2pQ"]}]}},"_links":{"self":[{"href":"https:\/\/wampole.wp.vortexdev.com\/fr\/wp-json\/wp\/v2\/pages\/14927","targetHints":{"allow":["GET"]}}],"collection":[{"href":"https:\/\/wampole.wp.vortexdev.com\/fr\/wp-json\/wp\/v2\/pages"}],"about":[{"href":"https:\/\/wampole.wp.vortexdev.com\/fr\/wp-json\/wp\/v2\/types\/page"}],"author":[{"embeddable":true,"href":"https:\/\/wampole.wp.vortexdev.com\/fr\/wp-json\/wp\/v2\/users\/293"}],"replies":[{"embeddable":true,"href":"https:\/\/wampole.wp.vortexdev.com\/fr\/wp-json\/wp\/v2\/comments?post=14927"}],"version-history":[{"count":15,"href":"https:\/\/wampole.wp.vortexdev.com\/fr\/wp-json\/wp\/v2\/pages\/14927\/revisions"}],"predecessor-version":[{"id":14961,"href":"https:\/\/wampole.wp.vortexdev.com\/fr\/wp-json\/wp\/v2\/pages\/14927\/revisions\/14961"}],"up":[{"embeddable":true,"href":"https:\/\/wampole.wp.vortexdev.com\/fr\/wp-json\/wp\/v2\/pages\/4069"}],"wp:attachment":[{"href":"https:\/\/wampole.wp.vortexdev.com\/fr\/wp-json\/wp\/v2\/media?parent=14927"}],"curies":[{"name":"wp","href":"https:\/\/api.w.org\/{rel}","templated":true}]}}