{"id":12232,"date":"2024-09-16T16:30:52","date_gmt":"2024-09-16T20:30:52","guid":{"rendered":"https:\/\/www.wampole.wp.vortexdev.com\/on-sale-adorable\/"},"modified":"2024-10-10T09:14:11","modified_gmt":"2024-10-10T13:14:11","slug":"soldes-adorable","status":"publish","type":"page","link":"https:\/\/wampole.wp.vortexdev.com\/fr\/soldes-adorable\/","title":{"rendered":"Soldes &#8211; Adorable"},"content":{"rendered":"\t\t<div data-elementor-type=\"wp-page\" data-elementor-id=\"12232\" class=\"elementor elementor-12232 elementor-12227\" data-elementor-post-type=\"page\">\n\t\t\t\t\t\t<section class=\"elementor-section elementor-top-section elementor-element elementor-element-529cb90 elementor-section-boxed elementor-section-height-default elementor-section-height-default\" data-id=\"529cb90\" data-element_type=\"section\" data-settings=\"{&quot;background_background&quot;:&quot;classic&quot;}\">\n\t\t\t\t\t\t<div class=\"elementor-container elementor-column-gap-no\">\n\t\t\t\t\t<div class=\"elementor-column elementor-col-100 elementor-top-column elementor-element elementor-element-fb40be9\" data-id=\"fb40be9\" data-element_type=\"column\">\n\t\t\t<div class=\"elementor-widget-wrap elementor-element-populated\">\n\t\t\t\t\t\t<div class=\"elementor-element elementor-element-306a573 elementor-widget elementor-widget-heading\" data-id=\"306a573\" data-element_type=\"widget\" data-widget_type=\"heading.default\">\n\t\t\t\t<div class=\"elementor-widget-container\">\n\t\t\t\t\t<h1 class=\"elementor-heading-title elementor-size-default\">magasiner les soldes<\/h1>\t\t\t\t<\/div>\n\t\t\t\t<\/div>\n\t\t\t\t<div class=\"elementor-element elementor-element-561c4c4 elementor-widget elementor-widget-text-editor\" data-id=\"561c4c4\" data-element_type=\"widget\" data-widget_type=\"text-editor.default\">\n\t\t\t\t<div class=\"elementor-widget-container\">\n\t\t\t\t\t\t\t\t\t<p>Donnez une derni\u00e8re chance \u00e0 vos essentiels pr\u00e9f\u00e9r\u00e9s et \u00e9conomisez! Faites vite, les quantit\u00e9s sont limit\u00e9es!<\/p>\t\t\t\t\t\t\t\t<\/div>\n\t\t\t\t<\/div>\n\t\t\t\t<div class=\"elementor-element elementor-element-5bd33af elementor-widget elementor-widget-text-editor\" data-id=\"5bd33af\" data-element_type=\"widget\" data-widget_type=\"text-editor.default\">\n\t\t\t\t<div class=\"elementor-widget-container\">\n\t\t\t\t\t\t\t\t\t<p>Les produits pr\u00e9sents sur cette page risquent d&rsquo;\u00eatre discontinu\u00e9s, ou d&rsquo;avoir des dates d&rsquo;expiration plus courtes qu&rsquo;\u00e0 l&rsquo;habitude. Notez que ces ventes seront donc finales.\u00a0<\/p>\t\t\t\t\t\t\t\t<\/div>\n\t\t\t\t<\/div>\n\t\t\t\t\t<\/div>\n\t\t<\/div>\n\t\t\t\t\t<\/div>\n\t\t<\/section>\n\t\t\t\t<section class=\"elementor-section elementor-top-section elementor-element elementor-element-fa35a15 elementor-reverse-mobile elementor-section-boxed elementor-section-height-default elementor-section-height-default\" data-id=\"fa35a15\" data-element_type=\"section\">\n\t\t\t\t\t\t<div class=\"elementor-container elementor-column-gap-no\">\n\t\t\t\t\t<div class=\"elementor-column elementor-col-100 elementor-top-column elementor-element elementor-element-e5367a4\" data-id=\"e5367a4\" data-element_type=\"column\">\n\t\t\t<div class=\"elementor-widget-wrap elementor-element-populated\">\n\t\t\t\t\t\t<div class=\"elementor-element elementor-element-50ae3cc elementor-grid-5 elementor-product-loop-item--align-center elementor-grid-tablet-3 elementor-grid-mobile-2 elementor-products-grid elementor-wc-products elementor-widget elementor-widget-woocommerce-products\" data-id=\"50ae3cc\" data-element_type=\"widget\" data-widget_type=\"woocommerce-products.default\">\n\t\t\t\t<div class=\"elementor-widget-container\">\n\t\t\t\t\t<div class=\"woocommerce columns-5 \"><ul class=\"products elementor-grid columns-5\">\n<li class=\"product type-product post-7963 status-publish first instock product_cat-enfants product_cat-enfants-1-an-et product_cat-enfants-3-4-ans-et product_cat-liquides product_cat-vitamine-d product_cat-vitamine-d-vitamines-mineraux-fr product_cat-vitamine-d-adorable product_cat-vitamines-et-mineraux has-post-thumbnail sale featured taxable shipping-taxable purchasable product-type-simple\">\n\t<a href=\"https:\/\/wampole.wp.vortexdev.com\/fr\/produit\/vitamin-d-drops-1000-iu\/\" class=\"woocommerce-LoopProduct-link woocommerce-loop-product__link\">\n\t<span class=\"onsale\">Promo\u00a0!<\/span>\n\t<img fetchpriority=\"high\" decoding=\"async\" width=\"300\" height=\"300\" src=\"https:\/\/wampole.wp.vortexdev.com\/wp-content\/uploads\/2023\/06\/ADORABLE_VITD1000IUDROPS_CAROUSEL-2_PACKSHOT_BILINGUE-1_PACKSHOT_EN-2-300x300.png\" class=\"attachment-woocommerce_thumbnail size-woocommerce_thumbnail\" alt=\"EN SOLDE - VITAMINE D GOUTTES 1000 UI\" srcset=\"https:\/\/wampole.wp.vortexdev.com\/wp-content\/uploads\/2023\/06\/ADORABLE_VITD1000IUDROPS_CAROUSEL-2_PACKSHOT_BILINGUE-1_PACKSHOT_EN-2-300x300.png 300w, https:\/\/wampole.wp.vortexdev.com\/wp-content\/uploads\/2023\/06\/ADORABLE_VITD1000IUDROPS_CAROUSEL-2_PACKSHOT_BILINGUE-1_PACKSHOT_EN-2-1024x1024.png 1024w, https:\/\/wampole.wp.vortexdev.com\/wp-content\/uploads\/2023\/06\/ADORABLE_VITD1000IUDROPS_CAROUSEL-2_PACKSHOT_BILINGUE-1_PACKSHOT_EN-2-150x150.png 150w, https:\/\/wampole.wp.vortexdev.com\/wp-content\/uploads\/2023\/06\/ADORABLE_VITD1000IUDROPS_CAROUSEL-2_PACKSHOT_BILINGUE-1_PACKSHOT_EN-2-768x768.png 768w, https:\/\/wampole.wp.vortexdev.com\/wp-content\/uploads\/2023\/06\/ADORABLE_VITD1000IUDROPS_CAROUSEL-2_PACKSHOT_BILINGUE-1_PACKSHOT_EN-2-600x600.png 600w, https:\/\/wampole.wp.vortexdev.com\/wp-content\/uploads\/2023\/06\/ADORABLE_VITD1000IUDROPS_CAROUSEL-2_PACKSHOT_BILINGUE-1_PACKSHOT_EN-2-1000x1000.png 1000w, https:\/\/wampole.wp.vortexdev.com\/wp-content\/uploads\/2023\/06\/ADORABLE_VITD1000IUDROPS_CAROUSEL-2_PACKSHOT_BILINGUE-1_PACKSHOT_EN-2.png 1500w\" sizes=\"(max-width: 300px) 100vw, 300px\" \/><h2 class=\"woocommerce-loop-product__title\">EN SOLDE &#8211; VITAMINE D GOUTTES 1000 UI<\/h2>\n\t<span class=\"price\"><del aria-hidden=\"true\"><span class=\"woocommerce-Price-amount amount\"><bdi>14.99<span class=\"woocommerce-Price-currencySymbol\"> $<\/span><\/bdi><\/span><\/del> <span class=\"screen-reader-text\">Le prix initial \u00e9tait\u00a0: 14.99 $.<\/span><ins aria-hidden=\"true\"><span class=\"woocommerce-Price-amount amount\"><bdi>10.99<span class=\"woocommerce-Price-currencySymbol\"> $<\/span><\/bdi><\/span><\/ins><span class=\"screen-reader-text\">Le prix actuel est\u00a0: 10.99 $.<\/span><\/span>\n<\/a><a href=\"\/fr\/wp-json\/wp\/v2\/pages\/12232?add-to-cart=7963\" aria-describedby=\"woocommerce_loop_add_to_cart_link_describedby_7963\" data-quantity=\"1\" class=\"button product_type_simple add_to_cart_button ajax_add_to_cart\" data-product_id=\"7963\" data-product_sku=\"063806273382\" aria-label=\"Ajouter au panier\u00a0: &ldquo;EN SOLDE - VITAMINE D GOUTTES 1000 UI&rdquo;\" rel=\"nofollow\" data-success_message=\"\u00ab\u00a0EN SOLDE - VITAMINE D GOUTTES 1000 UI\u00a0\u00bb a \u00e9t\u00e9 ajout\u00e9 \u00e0 votre panier\" role=\"button\">Ajouter au panier<\/a>\t<span id=\"woocommerce_loop_add_to_cart_link_describedby_7963\" class=\"screen-reader-text\">\n\t\t\t<\/span>\n<span class=\"gtm4wp_productdata\" style=\"display:none; visibility:hidden;\" data-gtm4wp_product_data=\"{&quot;internal_id&quot;:7963,&quot;item_id&quot;:7963,&quot;item_name&quot;:&quot;EN SOLDE - VITAMINE D GOUTTES 1000 UI&quot;,&quot;sku&quot;:&quot;063806273382&quot;,&quot;price&quot;:10.99,&quot;stocklevel&quot;:null,&quot;stockstatus&quot;:&quot;instock&quot;,&quot;google_business_vertical&quot;:&quot;retail&quot;,&quot;item_category&quot;:&quot;Enfants 1 an et +&quot;,&quot;id&quot;:7963,&quot;productlink&quot;:&quot;https:\\\/\\\/wampole.wp.vortexdev.com\\\/fr\\\/produit\\\/vitamin-d-drops-1000-iu\\\/&quot;,&quot;item_list_name&quot;:&quot;Liste g\\u00e9n\\u00e9rale des produits&quot;,&quot;index&quot;:1,&quot;product_type&quot;:&quot;simple&quot;,&quot;item_brand&quot;:&quot;&quot;}\"><\/span><\/li>\n<li class=\"product type-product post-7955 status-publish instock product_cat-allaitement product_cat-bouteilles-100-recyclees product_cat-emballage-eco product_cat-mamans has-post-thumbnail sale taxable shipping-taxable purchasable product-type-simple\">\n\t<a href=\"https:\/\/wampole.wp.vortexdev.com\/fr\/produit\/lactation\/\" class=\"woocommerce-LoopProduct-link woocommerce-loop-product__link\">\n\t<span class=\"onsale\">Promo\u00a0!<\/span>\n\t<img decoding=\"async\" width=\"300\" height=\"300\" src=\"https:\/\/wampole.wp.vortexdev.com\/wp-content\/uploads\/2023\/06\/Allaitement-FR-300x300.png\" class=\"attachment-woocommerce_thumbnail size-woocommerce_thumbnail\" alt=\"EN SOLDE - ALLAITEMENT\" srcset=\"https:\/\/wampole.wp.vortexdev.com\/wp-content\/uploads\/2023\/06\/Allaitement-FR-300x300.png 300w, https:\/\/wampole.wp.vortexdev.com\/wp-content\/uploads\/2023\/06\/Allaitement-FR-150x150.png 150w, https:\/\/wampole.wp.vortexdev.com\/wp-content\/uploads\/2023\/06\/Allaitement-FR-768x768.png 768w, https:\/\/wampole.wp.vortexdev.com\/wp-content\/uploads\/2023\/06\/Allaitement-FR-600x600.png 600w, https:\/\/wampole.wp.vortexdev.com\/wp-content\/uploads\/2023\/06\/Allaitement-FR.png 1000w\" sizes=\"(max-width: 300px) 100vw, 300px\" \/><h2 class=\"woocommerce-loop-product__title\">EN SOLDE &#8211; ALLAITEMENT<\/h2>\n\t<span class=\"price\"><del aria-hidden=\"true\"><span class=\"woocommerce-Price-amount amount\"><bdi>17.99<span class=\"woocommerce-Price-currencySymbol\"> $<\/span><\/bdi><\/span><\/del> <span class=\"screen-reader-text\">Le prix initial \u00e9tait\u00a0: 17.99 $.<\/span><ins aria-hidden=\"true\"><span class=\"woocommerce-Price-amount amount\"><bdi>12.99<span class=\"woocommerce-Price-currencySymbol\"> $<\/span><\/bdi><\/span><\/ins><span class=\"screen-reader-text\">Le prix actuel est\u00a0: 12.99 $.<\/span><\/span>\n<\/a><a href=\"\/fr\/wp-json\/wp\/v2\/pages\/12232?add-to-cart=7955\" aria-describedby=\"woocommerce_loop_add_to_cart_link_describedby_7955\" data-quantity=\"1\" class=\"button product_type_simple add_to_cart_button ajax_add_to_cart\" data-product_id=\"7955\" data-product_sku=\"063806271920\" aria-label=\"Ajouter au panier\u00a0: &ldquo;EN SOLDE - ALLAITEMENT&rdquo;\" rel=\"nofollow\" data-success_message=\"\u00ab\u00a0EN SOLDE - ALLAITEMENT\u00a0\u00bb a \u00e9t\u00e9 ajout\u00e9 \u00e0 votre panier\" role=\"button\">Ajouter au panier<\/a>\t<span id=\"woocommerce_loop_add_to_cart_link_describedby_7955\" class=\"screen-reader-text\">\n\t\t\t<\/span>\n<span class=\"gtm4wp_productdata\" style=\"display:none; visibility:hidden;\" data-gtm4wp_product_data=\"{&quot;internal_id&quot;:7955,&quot;item_id&quot;:7955,&quot;item_name&quot;:&quot;EN SOLDE - ALLAITEMENT&quot;,&quot;sku&quot;:&quot;063806271920&quot;,&quot;price&quot;:12.99,&quot;stocklevel&quot;:null,&quot;stockstatus&quot;:&quot;instock&quot;,&quot;google_business_vertical&quot;:&quot;retail&quot;,&quot;item_category&quot;:&quot;Allaitement&quot;,&quot;id&quot;:7955,&quot;productlink&quot;:&quot;https:\\\/\\\/wampole.wp.vortexdev.com\\\/fr\\\/produit\\\/lactation\\\/&quot;,&quot;item_list_name&quot;:&quot;Liste g\\u00e9n\\u00e9rale des produits&quot;,&quot;index&quot;:2,&quot;product_type&quot;:&quot;simple&quot;,&quot;item_brand&quot;:&quot;&quot;}\"><\/span><\/li>\n<li class=\"product type-product post-7818 status-publish instock product_cat-bouteilles-100-recyclees product_cat-emballage-eco product_cat-fabrique-au-canada product_cat-fabrique-localement product_cat-mamans product_cat-prenatal-fr product_cat-vitamine-b product_cat-vitamines-et-mineraux has-post-thumbnail sale taxable shipping-taxable purchasable product-type-simple\">\n\t<a href=\"https:\/\/wampole.wp.vortexdev.com\/fr\/produit\/acide-folique-1-mg\/\" class=\"woocommerce-LoopProduct-link woocommerce-loop-product__link\">\n\t<span class=\"onsale\">Promo\u00a0!<\/span>\n\t<img decoding=\"async\" width=\"300\" height=\"300\" src=\"https:\/\/wampole.wp.vortexdev.com\/wp-content\/uploads\/2023\/06\/Acide-folique-FR-300x300.png\" class=\"attachment-woocommerce_thumbnail size-woocommerce_thumbnail\" alt=\"EN SOLDE - ACIDE FOLIQUE 1MG\" srcset=\"https:\/\/wampole.wp.vortexdev.com\/wp-content\/uploads\/2023\/06\/Acide-folique-FR-300x300.png 300w, https:\/\/wampole.wp.vortexdev.com\/wp-content\/uploads\/2023\/06\/Acide-folique-FR-150x150.png 150w, https:\/\/wampole.wp.vortexdev.com\/wp-content\/uploads\/2023\/06\/Acide-folique-FR-768x768.png 768w, https:\/\/wampole.wp.vortexdev.com\/wp-content\/uploads\/2023\/06\/Acide-folique-FR-600x600.png 600w, https:\/\/wampole.wp.vortexdev.com\/wp-content\/uploads\/2023\/06\/Acide-folique-FR.png 1000w\" sizes=\"(max-width: 300px) 100vw, 300px\" \/><h2 class=\"woocommerce-loop-product__title\">EN SOLDE &#8211; ACIDE FOLIQUE 1MG<\/h2>\n\t<span class=\"price\"><del aria-hidden=\"true\"><span class=\"woocommerce-Price-amount amount\"><bdi>7.99<span class=\"woocommerce-Price-currencySymbol\"> $<\/span><\/bdi><\/span><\/del> <span class=\"screen-reader-text\">Le prix initial \u00e9tait\u00a0: 7.99 $.<\/span><ins aria-hidden=\"true\"><span class=\"woocommerce-Price-amount amount\"><bdi>5.99<span class=\"woocommerce-Price-currencySymbol\"> $<\/span><\/bdi><\/span><\/ins><span class=\"screen-reader-text\">Le prix actuel est\u00a0: 5.99 $.<\/span><\/span>\n<\/a><a href=\"\/fr\/wp-json\/wp\/v2\/pages\/12232?add-to-cart=7818\" aria-describedby=\"woocommerce_loop_add_to_cart_link_describedby_7818\" data-quantity=\"1\" class=\"button product_type_simple add_to_cart_button ajax_add_to_cart\" data-product_id=\"7818\" data-product_sku=\"063806273351\" aria-label=\"Ajouter au panier\u00a0: &ldquo;EN SOLDE - ACIDE FOLIQUE 1MG&rdquo;\" rel=\"nofollow\" data-success_message=\"\u00ab\u00a0EN SOLDE - ACIDE FOLIQUE 1MG\u00a0\u00bb a \u00e9t\u00e9 ajout\u00e9 \u00e0 votre panier\" role=\"button\">Ajouter au panier<\/a>\t<span id=\"woocommerce_loop_add_to_cart_link_describedby_7818\" class=\"screen-reader-text\">\n\t\t\t<\/span>\n<span class=\"gtm4wp_productdata\" style=\"display:none; visibility:hidden;\" data-gtm4wp_product_data=\"{&quot;internal_id&quot;:7818,&quot;item_id&quot;:7818,&quot;item_name&quot;:&quot;EN SOLDE - ACIDE FOLIQUE 1MG&quot;,&quot;sku&quot;:&quot;063806273351&quot;,&quot;price&quot;:5.99,&quot;stocklevel&quot;:null,&quot;stockstatus&quot;:&quot;instock&quot;,&quot;google_business_vertical&quot;:&quot;retail&quot;,&quot;item_category&quot;:&quot;Fabriqu\\u00e9 au Canada&quot;,&quot;id&quot;:7818,&quot;productlink&quot;:&quot;https:\\\/\\\/wampole.wp.vortexdev.com\\\/fr\\\/produit\\\/acide-folique-1-mg\\\/&quot;,&quot;item_list_name&quot;:&quot;Liste g\\u00e9n\\u00e9rale des produits&quot;,&quot;index&quot;:3,&quot;product_type&quot;:&quot;simple&quot;,&quot;item_brand&quot;:&quot;&quot;}\"><\/span><\/li>\n<\/ul>\n<\/div>\t\t\t\t<\/div>\n\t\t\t\t<\/div>\n\t\t\t\t\t<\/div>\n\t\t<\/div>\n\t\t\t\t\t<\/div>\n\t\t<\/section>\n\t\t\t\t<\/div>\n\t\t","protected":false},"excerpt":{"rendered":"<p>magasiner les soldes Donnez une derni\u00e8re chance \u00e0 vos essentiels pr\u00e9f\u00e9r\u00e9s et \u00e9conomisez! Faites vite, les quantit\u00e9s sont limit\u00e9es! Les produits pr\u00e9sents sur cette page risquent d&rsquo;\u00eatre discontinu\u00e9s, ou d&rsquo;avoir des dates d&rsquo;expiration plus courtes qu&rsquo;\u00e0 l&rsquo;habitude. Notez que ces ventes seront donc finales.\u00a0<\/p>\n","protected":false},"author":293,"featured_media":0,"parent":0,"menu_order":-9998,"comment_status":"closed","ping_status":"closed","template":"","meta":{"_acf_changed":false,"footnotes":""},"class_list":["post-12232","page","type-page","status-publish","hentry"],"acf":[],"yoast_head":"<!-- This site is optimized with the Yoast SEO plugin v26.8 - https:\/\/yoast.com\/product\/yoast-seo-wordpress\/ -->\n<title>Soldes - Adorable - Wampole<\/title>\n<meta name=\"robots\" content=\"index, follow, max-snippet:-1, max-image-preview:large, max-video-preview:-1\" \/>\n<link rel=\"canonical\" href=\"https:\/\/wampole.wp.vortexdev.com\/fr\/soldes-adorable\/\" \/>\n<meta property=\"og:locale\" content=\"fr_FR\" \/>\n<meta property=\"og:type\" content=\"article\" \/>\n<meta property=\"og:title\" content=\"Soldes - Adorable - Wampole\" \/>\n<meta property=\"og:description\" content=\"magasiner les soldes Donnez une derni\u00e8re chance \u00e0 vos essentiels pr\u00e9f\u00e9r\u00e9s et \u00e9conomisez! Faites vite, les quantit\u00e9s sont limit\u00e9es! Les produits pr\u00e9sents sur cette page risquent d&rsquo;\u00eatre discontinu\u00e9s, ou d&rsquo;avoir des dates d&rsquo;expiration plus courtes qu&rsquo;\u00e0 l&rsquo;habitude. Notez que ces ventes seront donc finales.\u00a0\" \/>\n<meta property=\"og:url\" content=\"https:\/\/wampole.wp.vortexdev.com\/fr\/soldes-adorable\/\" \/>\n<meta property=\"og:site_name\" content=\"Wampole\" \/>\n<meta property=\"article:publisher\" content=\"https:\/\/www.facebook.com\/WampoleInc\/\" \/>\n<meta property=\"article:modified_time\" content=\"2024-10-10T13:14:11+00:00\" \/>\n<meta property=\"og:image\" content=\"https:\/\/wampole.wp.vortexdev.com\/wp-content\/uploads\/2022\/10\/fb-share.jpg\" \/>\n\t<meta property=\"og:image:width\" content=\"1200\" \/>\n\t<meta property=\"og:image:height\" content=\"630\" \/>\n\t<meta property=\"og:image:type\" content=\"image\/jpeg\" \/>\n<meta name=\"twitter:card\" content=\"summary_large_image\" \/>\n<meta name=\"twitter:label1\" content=\"Dur\u00e9e de lecture estim\u00e9e\" \/>\n\t<meta name=\"twitter:data1\" content=\"1 minute\" \/>\n<script type=\"application\/ld+json\" class=\"yoast-schema-graph\">{\"@context\":\"https:\/\/schema.org\",\"@graph\":[{\"@type\":\"WebPage\",\"@id\":\"https:\/\/wampole.wp.vortexdev.com\/fr\/soldes-adorable\/\",\"url\":\"https:\/\/wampole.wp.vortexdev.com\/fr\/soldes-adorable\/\",\"name\":\"Soldes - Adorable - Wampole\",\"isPartOf\":{\"@id\":\"https:\/\/wampole.wp.vortexdev.com\/#website\"},\"datePublished\":\"2024-09-16T20:30:52+00:00\",\"dateModified\":\"2024-10-10T13:14:11+00:00\",\"breadcrumb\":{\"@id\":\"https:\/\/wampole.wp.vortexdev.com\/fr\/soldes-adorable\/#breadcrumb\"},\"inLanguage\":\"fr-FR\",\"potentialAction\":[{\"@type\":\"ReadAction\",\"target\":[\"https:\/\/wampole.wp.vortexdev.com\/fr\/soldes-adorable\/\"]}]},{\"@type\":\"BreadcrumbList\",\"@id\":\"https:\/\/wampole.wp.vortexdev.com\/fr\/soldes-adorable\/#breadcrumb\",\"itemListElement\":[{\"@type\":\"ListItem\",\"position\":1,\"name\":\"Accueil\",\"item\":\"https:\/\/wampole.wp.vortexdev.com\/fr\/\"},{\"@type\":\"ListItem\",\"position\":2,\"name\":\"Soldes &#8211; Adorable\"}]},{\"@type\":\"WebSite\",\"@id\":\"https:\/\/wampole.wp.vortexdev.com\/#website\",\"url\":\"https:\/\/wampole.wp.vortexdev.com\/\",\"name\":\"Wampole\",\"description\":\"\",\"publisher\":{\"@id\":\"https:\/\/wampole.wp.vortexdev.com\/#organization\"},\"potentialAction\":[{\"@type\":\"SearchAction\",\"target\":{\"@type\":\"EntryPoint\",\"urlTemplate\":\"https:\/\/wampole.wp.vortexdev.com\/?s={search_term_string}\"},\"query-input\":{\"@type\":\"PropertyValueSpecification\",\"valueRequired\":true,\"valueName\":\"search_term_string\"}}],\"inLanguage\":\"fr-FR\"},{\"@type\":\"Organization\",\"@id\":\"https:\/\/wampole.wp.vortexdev.com\/#organization\",\"name\":\"Wampole\",\"url\":\"https:\/\/wampole.wp.vortexdev.com\/\",\"logo\":{\"@type\":\"ImageObject\",\"inLanguage\":\"fr-FR\",\"@id\":\"https:\/\/wampole.wp.vortexdev.com\/#\/schema\/logo\/image\/\",\"url\":\"https:\/\/wampole.wp.vortexdev.com\/wp-content\/uploads\/2022\/03\/WAMPOLE_Logo-EN.png\",\"contentUrl\":\"https:\/\/wampole.wp.vortexdev.com\/wp-content\/uploads\/2022\/03\/WAMPOLE_Logo-EN.png\",\"width\":3300,\"height\":1053,\"caption\":\"Wampole\"},\"image\":{\"@id\":\"https:\/\/wampole.wp.vortexdev.com\/#\/schema\/logo\/image\/\"},\"sameAs\":[\"https:\/\/www.facebook.com\/WampoleInc\/\",\"https:\/\/www.youtube.com\/channel\/UCpQexQ_7lSnd4-BERfis2pQ\"]}]}<\/script>\n<!-- \/ Yoast SEO plugin. -->","yoast_head_json":{"title":"Soldes - Adorable - Wampole","robots":{"index":"index","follow":"follow","max-snippet":"max-snippet:-1","max-image-preview":"max-image-preview:large","max-video-preview":"max-video-preview:-1"},"canonical":"https:\/\/wampole.wp.vortexdev.com\/fr\/soldes-adorable\/","og_locale":"fr_FR","og_type":"article","og_title":"Soldes - Adorable - Wampole","og_description":"magasiner les soldes Donnez une derni\u00e8re chance \u00e0 vos essentiels pr\u00e9f\u00e9r\u00e9s et \u00e9conomisez! Faites vite, les quantit\u00e9s sont limit\u00e9es! Les produits pr\u00e9sents sur cette page risquent d&rsquo;\u00eatre discontinu\u00e9s, ou d&rsquo;avoir des dates d&rsquo;expiration plus courtes qu&rsquo;\u00e0 l&rsquo;habitude. Notez que ces ventes seront donc finales.\u00a0","og_url":"https:\/\/wampole.wp.vortexdev.com\/fr\/soldes-adorable\/","og_site_name":"Wampole","article_publisher":"https:\/\/www.facebook.com\/WampoleInc\/","article_modified_time":"2024-10-10T13:14:11+00:00","og_image":[{"width":1200,"height":630,"url":"https:\/\/wampole.wp.vortexdev.com\/wp-content\/uploads\/2022\/10\/fb-share.jpg","type":"image\/jpeg"}],"twitter_card":"summary_large_image","twitter_misc":{"Dur\u00e9e de lecture estim\u00e9e":"1 minute"},"schema":{"@context":"https:\/\/schema.org","@graph":[{"@type":"WebPage","@id":"https:\/\/wampole.wp.vortexdev.com\/fr\/soldes-adorable\/","url":"https:\/\/wampole.wp.vortexdev.com\/fr\/soldes-adorable\/","name":"Soldes - Adorable - Wampole","isPartOf":{"@id":"https:\/\/wampole.wp.vortexdev.com\/#website"},"datePublished":"2024-09-16T20:30:52+00:00","dateModified":"2024-10-10T13:14:11+00:00","breadcrumb":{"@id":"https:\/\/wampole.wp.vortexdev.com\/fr\/soldes-adorable\/#breadcrumb"},"inLanguage":"fr-FR","potentialAction":[{"@type":"ReadAction","target":["https:\/\/wampole.wp.vortexdev.com\/fr\/soldes-adorable\/"]}]},{"@type":"BreadcrumbList","@id":"https:\/\/wampole.wp.vortexdev.com\/fr\/soldes-adorable\/#breadcrumb","itemListElement":[{"@type":"ListItem","position":1,"name":"Accueil","item":"https:\/\/wampole.wp.vortexdev.com\/fr\/"},{"@type":"ListItem","position":2,"name":"Soldes &#8211; Adorable"}]},{"@type":"WebSite","@id":"https:\/\/wampole.wp.vortexdev.com\/#website","url":"https:\/\/wampole.wp.vortexdev.com\/","name":"Wampole","description":"","publisher":{"@id":"https:\/\/wampole.wp.vortexdev.com\/#organization"},"potentialAction":[{"@type":"SearchAction","target":{"@type":"EntryPoint","urlTemplate":"https:\/\/wampole.wp.vortexdev.com\/?s={search_term_string}"},"query-input":{"@type":"PropertyValueSpecification","valueRequired":true,"valueName":"search_term_string"}}],"inLanguage":"fr-FR"},{"@type":"Organization","@id":"https:\/\/wampole.wp.vortexdev.com\/#organization","name":"Wampole","url":"https:\/\/wampole.wp.vortexdev.com\/","logo":{"@type":"ImageObject","inLanguage":"fr-FR","@id":"https:\/\/wampole.wp.vortexdev.com\/#\/schema\/logo\/image\/","url":"https:\/\/wampole.wp.vortexdev.com\/wp-content\/uploads\/2022\/03\/WAMPOLE_Logo-EN.png","contentUrl":"https:\/\/wampole.wp.vortexdev.com\/wp-content\/uploads\/2022\/03\/WAMPOLE_Logo-EN.png","width":3300,"height":1053,"caption":"Wampole"},"image":{"@id":"https:\/\/wampole.wp.vortexdev.com\/#\/schema\/logo\/image\/"},"sameAs":["https:\/\/www.facebook.com\/WampoleInc\/","https:\/\/www.youtube.com\/channel\/UCpQexQ_7lSnd4-BERfis2pQ"]}]}},"_links":{"self":[{"href":"https:\/\/wampole.wp.vortexdev.com\/fr\/wp-json\/wp\/v2\/pages\/12232","targetHints":{"allow":["GET"]}}],"collection":[{"href":"https:\/\/wampole.wp.vortexdev.com\/fr\/wp-json\/wp\/v2\/pages"}],"about":[{"href":"https:\/\/wampole.wp.vortexdev.com\/fr\/wp-json\/wp\/v2\/types\/page"}],"author":[{"embeddable":true,"href":"https:\/\/wampole.wp.vortexdev.com\/fr\/wp-json\/wp\/v2\/users\/293"}],"replies":[{"embeddable":true,"href":"https:\/\/wampole.wp.vortexdev.com\/fr\/wp-json\/wp\/v2\/comments?post=12232"}],"version-history":[{"count":7,"href":"https:\/\/wampole.wp.vortexdev.com\/fr\/wp-json\/wp\/v2\/pages\/12232\/revisions"}],"predecessor-version":[{"id":12600,"href":"https:\/\/wampole.wp.vortexdev.com\/fr\/wp-json\/wp\/v2\/pages\/12232\/revisions\/12600"}],"wp:attachment":[{"href":"https:\/\/wampole.wp.vortexdev.com\/fr\/wp-json\/wp\/v2\/media?parent=12232"}],"curies":[{"name":"wp","href":"https:\/\/api.w.org\/{rel}","templated":true}]}}